{"id":134,"date":"2018-12-06T06:38:00","date_gmt":"2018-12-06T05:38:00","guid":{"rendered":"http:\/\/ocoeurdesoi.fr\/?page_id=134"},"modified":"2025-07-02T17:06:30","modified_gmt":"2025-07-02T16:06:30","slug":"methode-quantique-dacupressure-viso-cranio-bien-etre","status":"publish","type":"page","link":"https:\/\/ocoeurdesoi.fr\/index.php\/methode-quantique-dacupressure-viso-cranio-bien-etre\/","title":{"rendered":"Quant&rsquo;AVB : M\u00e9thode Quantique d&rsquo;Acupressure Viso Cr\u00e2nio Bien-\u00eatre"},"content":{"rendered":"<p style=\"text-align: center;\">(R\u00e9flexologie faciale et cr\u00e2nienne)<\/p>\n<h5 style=\"text-align: center;\">70\u20ac le soin, dur\u00e9e 1h<\/h5>\n<p style=\"text-align: center;\"><img decoding=\"async\" loading=\"lazy\" class=\"alignnone size-medium wp-image-136\" src=\"http:\/\/ocoeurdesoi.fr\/wp-content\/uploads\/2018\/12\/quant-avb-4-aix-les-bains-300x222.jpg\" alt=\"quant-avb-4 - aix les bains\" width=\"300\" height=\"222\" srcset=\"https:\/\/ocoeurdesoi.fr\/wp-content\/uploads\/2018\/12\/quant-avb-4-aix-les-bains-300x222.jpg 300w, https:\/\/ocoeurdesoi.fr\/wp-content\/uploads\/2018\/12\/quant-avb-4-aix-les-bains.jpg 725w\" sizes=\"(max-width: 300px) 100vw, 300px\" \/><\/p>\n<p><strong>LA METHODE \u00abQUANT\u2019AVB\u00a0\u00bb\u00a0:<br \/>\n<\/strong>La m\u00e9thode \u00ab\u00a0Quant&rsquo;AVB\u00a0\u00bb est n\u00e9e apr\u00e8s avoir \u00e9tudi\u00e9 diff\u00e9rentes techniques de stimulation des points r\u00e9flexes (R\u00e9flexologie, EFT, Access Bars, Dien cham&#8230;)et, des points neuraux-vasculaires, du cr\u00e2ne et du visage.<\/p>\n<p>Toutes ces techniques utilisent\u00a0des points communs, ayant des noms diff\u00e9rents, mais un m\u00eame but, que l\u2019Energie de VIE circule \u00e0 nouveau librement, dans le total respect de la personne.<\/p>\n<p>La R\u00e9flexologie\u00a0\u00bbQuant&rsquo;AVB\u00a0\u00bb se veut une m\u00e9thode simple.\u00a0 Elle condense et regroupe ces points principaux et y ajoute une dimension capitale, la pratique en Conscience \u00e0 partir du \u00a0Coeur. Cela permet \u00e0 chaque personne qui re\u00e7oit le soin, de b\u00e9n\u00e9ficier d\u2019un \u00e9quilibrage dans tout son corps holistique, ayant aussi des r\u00e9percussions sur son ouverture \u00e0 la VIE \u00e0 tous les niveaux de son \u00caTRE !<\/p>\n<hr \/>\n<p style=\"text-align: center;\"><span style=\"color: #0000ff;\"><strong>\u00ab\u00a0Quant&rsquo;AVB\u00a0\u00bb est la M\u00e9thode Quantique d&rsquo;Acupressure Viso Cr\u00e2nio Bien-\u00eatre cr\u00e9\u00e9e par Anne Van BOXSOM\u00a0<\/strong><\/span><\/p>\n<hr \/>\n<p><strong>L\u2019ORIGINE EMOTIONNEL DES MAUX DU CORPS, ET DU MAL-ETRE\u00a0:<\/strong><br \/>\nLorsque nous vivons une \u00e9motion, il y a toujours une r\u00e9sonance avec une \u00e9motion pass\u00e9e.<\/p>\n<p>L\u2019exp\u00e9rience peut \u00eatre diff\u00e9rente, mais l\u2019\u00e9motion ressentie sera la m\u00eame. Il y a le souvenir inscrit en nous, sous forme de charge \u00e9motionnelle n\u00e9gative et ce que nous vivons va aller \u00ab\u00a0se nourrir\u00a0\u00bb de cette \u00e9motion source.<br \/>\nNotre corps\u00a0 la retrouve pour la r\u00e9activer et essayer de s\u2019en lib\u00e9rer par le \u00ab\u00a0mal \u00eatre\u00a0\u00bb les malaises ou les maladies.<\/p>\n<p><strong>Un point \u00ab\u00a0SAIT TOUT\u00a0\u00bb<\/strong><\/p>\n<p>Notre corps poss\u00e8de la m\u00e9moire dans chacune de nos cellules.<br \/>\nChaque point \u00ab sait \u00bb tout : et l&rsquo;intention, la stimulation, l&rsquo;\u00e9nergie, \u2026 va peu \u00e0 peu entra\u00eener un d\u00e9tachement de ces traumatismes : mal-\u00eatre, chocs, stress, col\u00e8res, sch\u00e9mas de vie r\u00e9p\u00e9titifs, somatisations&#8230; et bien d&rsquo;autres choses encore, afin de revenir au principal : NOUS, dans notre entit\u00e9 individuelle physique et spirituelle.<\/p>\n<p>Chaque point trait\u00e9 va en quelque sorte d\u00e9programmer le n\u00e9gatif, les croyances limitantes emmagasin\u00e9es tout au long de notre vie, par l&rsquo;environnement social, culturel, religieux, spirituel, alimentaire&#8230;. Et par nos exp\u00e9riences de vie.<br \/>\nLa M\u00e9thode Quant\u2019AVB\u00a9\u00a0va mettre le cerveau en mode \u00ab\u00a0veille\u00a0\u00bb afin de lib\u00e9rer le mental, et de permettre au corps de dissoudre et de d\u00e9cristalliser ces cicatrices \u00e9motionnelles, afin de reprendre le contr\u00f4le de sa vie et se mettre en mode \u00ab\u00a0action\u00a0\u00bb.<br \/>\nCeci, de fa\u00e7on tout \u00e0 fait naturelle, sans avoir besoin de travailler \u00ab\u00a0fort\u00a0\u00bb sur soi. Simplement parce-que vous faites les pas vers vous, votre corps sait et l\u00e2che en douceur, ce qui n\u2019a plus lieu d\u2019\u00eatre\u00a0!<\/p>\n<p><strong>EFFETS BENEFIQUES DU SOIN QUANT\u2019AVB\u00a0:<\/strong><br \/>\n\u00a9\u00a0\u00a0\u00a0\u00a0\u00a0\u00a0Plus de s\u00e9r\u00e9nit\u00e9 et de l\u00e9g\u00e8ret\u00e9 dans la vie de tous les jours<br \/>\n\u00a9\u00a0\u00a0\u00a0\u00a0\u00a0\u00a0Un \u00e9tat de bien-\u00eatre, de retour vers soi<br \/>\n\u00a9\u00a0\u00a0\u00a0\u00a0\u00a0\u00a0Une confiance en soi grandissante<br \/>\n\u00a9\u00a0\u00a0\u00a0\u00a0\u00a0\u00a0Un meilleur sommeil<br \/>\n\u00a9\u00a0\u00a0\u00a0\u00a0\u00a0\u00a0Une envie de passer \u00e0 l\u2019action, moins de procrastination. Prendre sa vie en main.<br \/>\n\u00a9\u00a0\u00a0\u00a0\u00a0\u00a0\u00a0Sentiment de reprendre le contr\u00f4le de sa vie<br \/>\n\u00a9\u00a0\u00a0\u00a0\u00a0\u00a0\u00a0Moins de douleurs physiques etc.<br \/>\n\u00a9\u00a0 \u00a0 \u00a0 Plus de mobilit\u00e9 dans les articulations<br \/>\n\u00a9\u00a0 \u00a0 \u00a0 Incontinence urinaire am\u00e9lior\u00e9e<br \/>\n\u00a9\u00a0 \u00a0 \u00a0 Plus de calme chez les enfants hyper-actifs<\/p>\n<p>L\u2019intention est capitale et primordiale bien \u00e9videmment, car l\u00e0 o\u00f9 vous mettez votre attention l\u2019\u00e9nergie va.<br \/>\nLaissez simplement du centre de votre C\u0153ur, et de celui du receveur\u00a0 agir l\u2019Intelligence de Vie et, on pourrait dire, qu\u2019 \u00e0 partir d\u2019un seul point, puisque le microcosme contient le macrocosme et vice-versa, TOUT peut-\u00eatre r\u00e9\u00e9quilibr\u00e9.<\/p>\n<p><em>Conform\u00e9ment \u00e0 la loi, la pratique de la relaxation et de la r\u00e9flexologie ne peut \u00eatre en aucun cas assimil\u00e9es \u00e0 des soins m\u00e9dicaux ou de kin\u00e9sith\u00e9rapie, mais aux techniques de bien \u00eatre par la relaxation physique et la d\u00e9tente lib\u00e9ratrice de stress. (Loi du 30.04.1946, d\u00e9cret 60669 de l\u2019article l.489 et de l\u2019arr\u00eat\u00e9 du 8.10.1996).\u00a0<\/em><\/p>\n","protected":false},"excerpt":{"rendered":"<p>(R\u00e9flexologie faciale et cr\u00e2nienne) 70\u20ac le soin, dur\u00e9e 1h LA METHODE \u00abQUANT\u2019AVB\u00a0\u00bb\u00a0: La m\u00e9thode \u00ab\u00a0Quant&rsquo;AVB\u00a0\u00bb est n\u00e9e apr\u00e8s avoir \u00e9tudi\u00e9 diff\u00e9rentes techniques de stimulation des points r\u00e9flexes (R\u00e9flexologie, EFT, Access Bars, Dien cham&#8230;)et, des points neuraux-vasculaires, du cr\u00e2ne et du visage. Toutes ces techniques utilisent\u00a0des points communs, ayant des noms diff\u00e9rents, mais un m\u00eame but, &hellip; <a href=\"https:\/\/ocoeurdesoi.fr\/index.php\/methode-quantique-dacupressure-viso-cranio-bien-etre\/\" class=\"more-link\">Continuer la lecture de <span class=\"screen-reader-text\">Quant&rsquo;AVB : M\u00e9thode Quantique d&rsquo;Acupressure Viso Cr\u00e2nio Bien-\u00eatre<\/span>  <span class=\"meta-nav\">&rarr;<\/span><\/a><\/p>\n","protected":false},"author":1,"featured_media":0,"parent":0,"menu_order":0,"comment_status":"closed","ping_status":"closed","template":"","meta":[],"yoast_head":"<!-- This site is optimized with the Yoast SEO plugin v20.9 - https:\/\/yoast.com\/wordpress\/plugins\/seo\/ -->\n<title>Quant&#039;AVB : M\u00e9thode Quantique d&#039;Acupressure Viso Cr\u00e2nio Bien-\u00eatre - O Coeur de Soi - Patricia BARLET<\/title>\n<meta name=\"description\" content=\"&quot;Quant&#039;AVB&quot; M\u00e9thode Quantique d&#039;Acupressure Viso Cr\u00e2nio Bien-\u00eatre cr\u00e9\u00e9e par Anne Van BOXSOM\" \/>\n<meta name=\"robots\" content=\"index, follow, max-snippet:-1, max-image-preview:large, max-video-preview:-1\" \/>\n<link rel=\"canonical\" href=\"https:\/\/ocoeurdesoi.fr\/index.php\/methode-quantique-dacupressure-viso-cranio-bien-etre\/\" \/>\n<meta property=\"og:locale\" content=\"fr_FR\" \/>\n<meta property=\"og:type\" content=\"article\" \/>\n<meta property=\"og:title\" content=\"Quant&#039;AVB : M\u00e9thode Quantique d&#039;Acupressure Viso Cr\u00e2nio Bien-\u00eatre - O Coeur de Soi - Patricia BARLET\" \/>\n<meta property=\"og:description\" content=\"&quot;Quant&#039;AVB&quot; M\u00e9thode Quantique d&#039;Acupressure Viso Cr\u00e2nio Bien-\u00eatre cr\u00e9\u00e9e par Anne Van BOXSOM\" \/>\n<meta property=\"og:url\" content=\"https:\/\/ocoeurdesoi.fr\/index.php\/methode-quantique-dacupressure-viso-cranio-bien-etre\/\" \/>\n<meta property=\"og:site_name\" content=\"O Coeur de Soi - Patricia BARLET\" \/>\n<meta property=\"article:modified_time\" content=\"2025-07-02T16:06:30+00:00\" \/>\n<meta property=\"og:image\" content=\"http:\/\/ocoeurdesoi.fr\/wp-content\/uploads\/2018\/12\/quant-avb-4-aix-les-bains-300x222.jpg\" \/>\n<meta name=\"twitter:card\" content=\"summary_large_image\" \/>\n<meta name=\"twitter:label1\" content=\"Dur\u00e9e de lecture estim\u00e9e\" \/>\n\t<meta name=\"twitter:data1\" content=\"4 minutes\" \/>\n<script type=\"application\/ld+json\" class=\"yoast-schema-graph\">{\"@context\":\"https:\/\/schema.org\",\"@graph\":[{\"@type\":\"WebPage\",\"@id\":\"https:\/\/ocoeurdesoi.fr\/index.php\/methode-quantique-dacupressure-viso-cranio-bien-etre\/\",\"url\":\"https:\/\/ocoeurdesoi.fr\/index.php\/methode-quantique-dacupressure-viso-cranio-bien-etre\/\",\"name\":\"Quant'AVB : M\u00e9thode Quantique d'Acupressure Viso Cr\u00e2nio Bien-\u00eatre - O Coeur de Soi - Patricia BARLET\",\"isPartOf\":{\"@id\":\"https:\/\/ocoeurdesoi.fr\/#website\"},\"datePublished\":\"2018-12-06T05:38:00+00:00\",\"dateModified\":\"2025-07-02T16:06:30+00:00\",\"description\":\"\\\"Quant'AVB\\\" M\u00e9thode Quantique d'Acupressure Viso Cr\u00e2nio Bien-\u00eatre cr\u00e9\u00e9e par Anne Van BOXSOM\",\"breadcrumb\":{\"@id\":\"https:\/\/ocoeurdesoi.fr\/index.php\/methode-quantique-dacupressure-viso-cranio-bien-etre\/#breadcrumb\"},\"inLanguage\":\"fr-FR\",\"potentialAction\":[{\"@type\":\"ReadAction\",\"target\":[\"https:\/\/ocoeurdesoi.fr\/index.php\/methode-quantique-dacupressure-viso-cranio-bien-etre\/\"]}]},{\"@type\":\"BreadcrumbList\",\"@id\":\"https:\/\/ocoeurdesoi.fr\/index.php\/methode-quantique-dacupressure-viso-cranio-bien-etre\/#breadcrumb\",\"itemListElement\":[{\"@type\":\"ListItem\",\"position\":1,\"name\":\"Accueil\",\"item\":\"https:\/\/ocoeurdesoi.fr\/\"},{\"@type\":\"ListItem\",\"position\":2,\"name\":\"Quant&rsquo;AVB : M\u00e9thode Quantique d&rsquo;Acupressure Viso Cr\u00e2nio Bien-\u00eatre\"}]},{\"@type\":\"WebSite\",\"@id\":\"https:\/\/ocoeurdesoi.fr\/#website\",\"url\":\"https:\/\/ocoeurdesoi.fr\/\",\"name\":\"O Coeur de Soi - Patricia BARLET\",\"description\":\"Soins \u00e9nerg\u00e9tiques naturels visage et relaxation\",\"publisher\":{\"@id\":\"https:\/\/ocoeurdesoi.fr\/#organization\"},\"potentialAction\":[{\"@type\":\"SearchAction\",\"target\":{\"@type\":\"EntryPoint\",\"urlTemplate\":\"https:\/\/ocoeurdesoi.fr\/?s={search_term_string}\"},\"query-input\":\"required name=search_term_string\"}],\"inLanguage\":\"fr-FR\"},{\"@type\":\"Organization\",\"@id\":\"https:\/\/ocoeurdesoi.fr\/#organization\",\"name\":\"O Coeur de Soi\",\"url\":\"https:\/\/ocoeurdesoi.fr\/\",\"logo\":{\"@type\":\"ImageObject\",\"inLanguage\":\"fr-FR\",\"@id\":\"https:\/\/ocoeurdesoi.fr\/#\/schema\/logo\/image\/\",\"url\":\"https:\/\/ocoeurdesoi.fr\/wp-content\/uploads\/2021\/01\/eeaf7b577dea43b0aa1abca5c738926d.jpg\",\"contentUrl\":\"https:\/\/ocoeurdesoi.fr\/wp-content\/uploads\/2021\/01\/eeaf7b577dea43b0aa1abca5c738926d.jpg\",\"width\":399,\"height\":51,\"caption\":\"O Coeur de Soi\"},\"image\":{\"@id\":\"https:\/\/ocoeurdesoi.fr\/#\/schema\/logo\/image\/\"}}]}<\/script>\n<!-- \/ Yoast SEO plugin. -->","yoast_head_json":{"title":"Quant'AVB : M\u00e9thode Quantique d'Acupressure Viso Cr\u00e2nio Bien-\u00eatre - O Coeur de Soi - Patricia BARLET","description":"\"Quant'AVB\" M\u00e9thode Quantique d'Acupressure Viso Cr\u00e2nio Bien-\u00eatre cr\u00e9\u00e9e par Anne Van BOXSOM","robots":{"index":"index","follow":"follow","max-snippet":"max-snippet:-1","max-image-preview":"max-image-preview:large","max-video-preview":"max-video-preview:-1"},"canonical":"https:\/\/ocoeurdesoi.fr\/index.php\/methode-quantique-dacupressure-viso-cranio-bien-etre\/","og_locale":"fr_FR","og_type":"article","og_title":"Quant'AVB : M\u00e9thode Quantique d'Acupressure Viso Cr\u00e2nio Bien-\u00eatre - O Coeur de Soi - Patricia BARLET","og_description":"\"Quant'AVB\" M\u00e9thode Quantique d'Acupressure Viso Cr\u00e2nio Bien-\u00eatre cr\u00e9\u00e9e par Anne Van BOXSOM","og_url":"https:\/\/ocoeurdesoi.fr\/index.php\/methode-quantique-dacupressure-viso-cranio-bien-etre\/","og_site_name":"O Coeur de Soi - Patricia BARLET","article_modified_time":"2025-07-02T16:06:30+00:00","og_image":[{"url":"http:\/\/ocoeurdesoi.fr\/wp-content\/uploads\/2018\/12\/quant-avb-4-aix-les-bains-300x222.jpg"}],"twitter_card":"summary_large_image","twitter_misc":{"Dur\u00e9e de lecture estim\u00e9e":"4 minutes"},"schema":{"@context":"https:\/\/schema.org","@graph":[{"@type":"WebPage","@id":"https:\/\/ocoeurdesoi.fr\/index.php\/methode-quantique-dacupressure-viso-cranio-bien-etre\/","url":"https:\/\/ocoeurdesoi.fr\/index.php\/methode-quantique-dacupressure-viso-cranio-bien-etre\/","name":"Quant'AVB : M\u00e9thode Quantique d'Acupressure Viso Cr\u00e2nio Bien-\u00eatre - O Coeur de Soi - Patricia BARLET","isPartOf":{"@id":"https:\/\/ocoeurdesoi.fr\/#website"},"datePublished":"2018-12-06T05:38:00+00:00","dateModified":"2025-07-02T16:06:30+00:00","description":"\"Quant'AVB\" M\u00e9thode Quantique d'Acupressure Viso Cr\u00e2nio Bien-\u00eatre cr\u00e9\u00e9e par Anne Van BOXSOM","breadcrumb":{"@id":"https:\/\/ocoeurdesoi.fr\/index.php\/methode-quantique-dacupressure-viso-cranio-bien-etre\/#breadcrumb"},"inLanguage":"fr-FR","potentialAction":[{"@type":"ReadAction","target":["https:\/\/ocoeurdesoi.fr\/index.php\/methode-quantique-dacupressure-viso-cranio-bien-etre\/"]}]},{"@type":"BreadcrumbList","@id":"https:\/\/ocoeurdesoi.fr\/index.php\/methode-quantique-dacupressure-viso-cranio-bien-etre\/#breadcrumb","itemListElement":[{"@type":"ListItem","position":1,"name":"Accueil","item":"https:\/\/ocoeurdesoi.fr\/"},{"@type":"ListItem","position":2,"name":"Quant&rsquo;AVB : M\u00e9thode Quantique d&rsquo;Acupressure Viso Cr\u00e2nio Bien-\u00eatre"}]},{"@type":"WebSite","@id":"https:\/\/ocoeurdesoi.fr\/#website","url":"https:\/\/ocoeurdesoi.fr\/","name":"O Coeur de Soi - Patricia BARLET","description":"Soins \u00e9nerg\u00e9tiques naturels visage et relaxation","publisher":{"@id":"https:\/\/ocoeurdesoi.fr\/#organization"},"potentialAction":[{"@type":"SearchAction","target":{"@type":"EntryPoint","urlTemplate":"https:\/\/ocoeurdesoi.fr\/?s={search_term_string}"},"query-input":"required name=search_term_string"}],"inLanguage":"fr-FR"},{"@type":"Organization","@id":"https:\/\/ocoeurdesoi.fr\/#organization","name":"O Coeur de Soi","url":"https:\/\/ocoeurdesoi.fr\/","logo":{"@type":"ImageObject","inLanguage":"fr-FR","@id":"https:\/\/ocoeurdesoi.fr\/#\/schema\/logo\/image\/","url":"https:\/\/ocoeurdesoi.fr\/wp-content\/uploads\/2021\/01\/eeaf7b577dea43b0aa1abca5c738926d.jpg","contentUrl":"https:\/\/ocoeurdesoi.fr\/wp-content\/uploads\/2021\/01\/eeaf7b577dea43b0aa1abca5c738926d.jpg","width":399,"height":51,"caption":"O Coeur de Soi"},"image":{"@id":"https:\/\/ocoeurdesoi.fr\/#\/schema\/logo\/image\/"}}]}},"_links":{"self":[{"href":"https:\/\/ocoeurdesoi.fr\/index.php\/wp-json\/wp\/v2\/pages\/134"}],"collection":[{"href":"https:\/\/ocoeurdesoi.fr\/index.php\/wp-json\/wp\/v2\/pages"}],"about":[{"href":"https:\/\/ocoeurdesoi.fr\/index.php\/wp-json\/wp\/v2\/types\/page"}],"author":[{"embeddable":true,"href":"https:\/\/ocoeurdesoi.fr\/index.php\/wp-json\/wp\/v2\/users\/1"}],"replies":[{"embeddable":true,"href":"https:\/\/ocoeurdesoi.fr\/index.php\/wp-json\/wp\/v2\/comments?post=134"}],"version-history":[{"count":10,"href":"https:\/\/ocoeurdesoi.fr\/index.php\/wp-json\/wp\/v2\/pages\/134\/revisions"}],"predecessor-version":[{"id":275,"href":"https:\/\/ocoeurdesoi.fr\/index.php\/wp-json\/wp\/v2\/pages\/134\/revisions\/275"}],"wp:attachment":[{"href":"https:\/\/ocoeurdesoi.fr\/index.php\/wp-json\/wp\/v2\/media?parent=134"}],"curies":[{"name":"wp","href":"https:\/\/api.w.org\/{rel}","templated":true}]}}