{"id":153,"date":"2019-11-06T20:08:28","date_gmt":"2019-11-06T19:08:28","guid":{"rendered":"http:\/\/ocoeurdesoi.fr\/?page_id=153"},"modified":"2022-05-22T15:09:08","modified_gmt":"2022-05-22T14:09:08","slug":"gommage-du-corps","status":"publish","type":"page","link":"https:\/\/ocoeurdesoi.fr\/index.php\/gommage-du-corps\/","title":{"rendered":"Gommage du corps"},"content":{"rendered":"<h5 style=\"text-align: center;\">40\u20ac le soin, dur\u00e9e\u00a030 min<\/h5>\n<p>C\u2019est un gommage du corps pour une peau douce et satin\u00e9e aux senteurs relaxantes pour un bien-\u00eatre absolu.<\/p>\n<p><em><img decoding=\"async\" loading=\"lazy\" class=\"alignnone wp-image-154 size-medium\" title=\"gommage corps \u00e0 Tr\u00e9vignin, pr\u00e8s d'Aix-les-Bains\" src=\"http:\/\/ocoeurdesoi.fr\/wp-content\/uploads\/2019\/11\/massage_corps-300x300.jpg\" alt=\"massage_corps\" width=\"300\" height=\"300\" srcset=\"https:\/\/ocoeurdesoi.fr\/wp-content\/uploads\/2019\/11\/massage_corps-300x300.jpg 300w, https:\/\/ocoeurdesoi.fr\/wp-content\/uploads\/2019\/11\/massage_corps-150x150.jpg 150w, https:\/\/ocoeurdesoi.fr\/wp-content\/uploads\/2019\/11\/massage_corps-768x768.jpg 768w, https:\/\/ocoeurdesoi.fr\/wp-content\/uploads\/2019\/11\/massage_corps-1024x1024.jpg 1024w, https:\/\/ocoeurdesoi.fr\/wp-content\/uploads\/2019\/11\/massage_corps.jpg 1600w\" sizes=\"(max-width: 300px) 100vw, 300px\" \/><\/em><\/p>\n<p>&nbsp;<\/p>\n","protected":false},"excerpt":{"rendered":"<p>40\u20ac le soin, dur\u00e9e\u00a030 min C\u2019est un gommage du corps pour une peau douce et satin\u00e9e aux senteurs relaxantes pour un bien-\u00eatre absolu. &nbsp;<\/p>\n","protected":false},"author":1,"featured_media":0,"parent":0,"menu_order":0,"comment_status":"closed","ping_status":"closed","template":"","meta":[],"yoast_head":"<!-- This site is optimized with the Yoast SEO plugin v20.9 - https:\/\/yoast.com\/wordpress\/plugins\/seo\/ -->\n<title>Gommage du corps - O Coeur de Soi - Patricia BARLET<\/title>\n<meta name=\"description\" content=\"Venez d\u00e9couvrir le gommage du corps \u00e0 Tr\u00e9vignin pr\u00e8s d&#039;Aix-les-Bains, pr\u00e8s de Chamb\u00e9ry et d\u2019Annecy.\" \/>\n<meta name=\"robots\" content=\"index, follow, max-snippet:-1, max-image-preview:large, max-video-preview:-1\" \/>\n<link rel=\"canonical\" href=\"https:\/\/ocoeurdesoi.fr\/index.php\/gommage-du-corps\/\" \/>\n<meta property=\"og:locale\" content=\"fr_FR\" \/>\n<meta property=\"og:type\" content=\"article\" \/>\n<meta property=\"og:title\" content=\"Gommage du corps - O Coeur de Soi - Patricia BARLET\" \/>\n<meta property=\"og:description\" content=\"Venez d\u00e9couvrir le gommage du corps \u00e0 Tr\u00e9vignin pr\u00e8s d&#039;Aix-les-Bains, pr\u00e8s de Chamb\u00e9ry et d\u2019Annecy.\" \/>\n<meta property=\"og:url\" content=\"https:\/\/ocoeurdesoi.fr\/index.php\/gommage-du-corps\/\" \/>\n<meta property=\"og:site_name\" content=\"O Coeur de Soi - Patricia BARLET\" \/>\n<meta property=\"article:modified_time\" content=\"2022-05-22T14:09:08+00:00\" \/>\n<meta property=\"og:image\" content=\"http:\/\/ocoeurdesoi.fr\/wp-content\/uploads\/2019\/11\/massage_corps-300x300.jpg\" \/>\n<meta name=\"twitter:card\" content=\"summary_large_image\" \/>\n<script type=\"application\/ld+json\" class=\"yoast-schema-graph\">{\"@context\":\"https:\/\/schema.org\",\"@graph\":[{\"@type\":\"WebPage\",\"@id\":\"https:\/\/ocoeurdesoi.fr\/index.php\/gommage-du-corps\/\",\"url\":\"https:\/\/ocoeurdesoi.fr\/index.php\/gommage-du-corps\/\",\"name\":\"Gommage du corps - O Coeur de Soi - Patricia BARLET\",\"isPartOf\":{\"@id\":\"https:\/\/ocoeurdesoi.fr\/#website\"},\"datePublished\":\"2019-11-06T19:08:28+00:00\",\"dateModified\":\"2022-05-22T14:09:08+00:00\",\"description\":\"Venez d\u00e9couvrir le gommage du corps \u00e0 Tr\u00e9vignin pr\u00e8s d'Aix-les-Bains, pr\u00e8s de Chamb\u00e9ry et d\u2019Annecy.\",\"breadcrumb\":{\"@id\":\"https:\/\/ocoeurdesoi.fr\/index.php\/gommage-du-corps\/#breadcrumb\"},\"inLanguage\":\"fr-FR\",\"potentialAction\":[{\"@type\":\"ReadAction\",\"target\":[\"https:\/\/ocoeurdesoi.fr\/index.php\/gommage-du-corps\/\"]}]},{\"@type\":\"BreadcrumbList\",\"@id\":\"https:\/\/ocoeurdesoi.fr\/index.php\/gommage-du-corps\/#breadcrumb\",\"itemListElement\":[{\"@type\":\"ListItem\",\"position\":1,\"name\":\"Accueil\",\"item\":\"https:\/\/ocoeurdesoi.fr\/\"},{\"@type\":\"ListItem\",\"position\":2,\"name\":\"Gommage du corps\"}]},{\"@type\":\"WebSite\",\"@id\":\"https:\/\/ocoeurdesoi.fr\/#website\",\"url\":\"https:\/\/ocoeurdesoi.fr\/\",\"name\":\"O Coeur de Soi - Patricia BARLET\",\"description\":\"Soins \u00e9nerg\u00e9tiques naturels visage et relaxation\",\"publisher\":{\"@id\":\"https:\/\/ocoeurdesoi.fr\/#organization\"},\"potentialAction\":[{\"@type\":\"SearchAction\",\"target\":{\"@type\":\"EntryPoint\",\"urlTemplate\":\"https:\/\/ocoeurdesoi.fr\/?s={search_term_string}\"},\"query-input\":\"required name=search_term_string\"}],\"inLanguage\":\"fr-FR\"},{\"@type\":\"Organization\",\"@id\":\"https:\/\/ocoeurdesoi.fr\/#organization\",\"name\":\"O Coeur de Soi\",\"url\":\"https:\/\/ocoeurdesoi.fr\/\",\"logo\":{\"@type\":\"ImageObject\",\"inLanguage\":\"fr-FR\",\"@id\":\"https:\/\/ocoeurdesoi.fr\/#\/schema\/logo\/image\/\",\"url\":\"https:\/\/ocoeurdesoi.fr\/wp-content\/uploads\/2021\/01\/eeaf7b577dea43b0aa1abca5c738926d.jpg\",\"contentUrl\":\"https:\/\/ocoeurdesoi.fr\/wp-content\/uploads\/2021\/01\/eeaf7b577dea43b0aa1abca5c738926d.jpg\",\"width\":399,\"height\":51,\"caption\":\"O Coeur de Soi\"},\"image\":{\"@id\":\"https:\/\/ocoeurdesoi.fr\/#\/schema\/logo\/image\/\"}}]}<\/script>\n<!-- \/ Yoast SEO plugin. -->","yoast_head_json":{"title":"Gommage du corps - O Coeur de Soi - Patricia BARLET","description":"Venez d\u00e9couvrir le gommage du corps \u00e0 Tr\u00e9vignin pr\u00e8s d'Aix-les-Bains, pr\u00e8s de Chamb\u00e9ry et d\u2019Annecy.","robots":{"index":"index","follow":"follow","max-snippet":"max-snippet:-1","max-image-preview":"max-image-preview:large","max-video-preview":"max-video-preview:-1"},"canonical":"https:\/\/ocoeurdesoi.fr\/index.php\/gommage-du-corps\/","og_locale":"fr_FR","og_type":"article","og_title":"Gommage du corps - O Coeur de Soi - Patricia BARLET","og_description":"Venez d\u00e9couvrir le gommage du corps \u00e0 Tr\u00e9vignin pr\u00e8s d'Aix-les-Bains, pr\u00e8s de Chamb\u00e9ry et d\u2019Annecy.","og_url":"https:\/\/ocoeurdesoi.fr\/index.php\/gommage-du-corps\/","og_site_name":"O Coeur de Soi - Patricia BARLET","article_modified_time":"2022-05-22T14:09:08+00:00","og_image":[{"url":"http:\/\/ocoeurdesoi.fr\/wp-content\/uploads\/2019\/11\/massage_corps-300x300.jpg"}],"twitter_card":"summary_large_image","schema":{"@context":"https:\/\/schema.org","@graph":[{"@type":"WebPage","@id":"https:\/\/ocoeurdesoi.fr\/index.php\/gommage-du-corps\/","url":"https:\/\/ocoeurdesoi.fr\/index.php\/gommage-du-corps\/","name":"Gommage du corps - O Coeur de Soi - Patricia BARLET","isPartOf":{"@id":"https:\/\/ocoeurdesoi.fr\/#website"},"datePublished":"2019-11-06T19:08:28+00:00","dateModified":"2022-05-22T14:09:08+00:00","description":"Venez d\u00e9couvrir le gommage du corps \u00e0 Tr\u00e9vignin pr\u00e8s d'Aix-les-Bains, pr\u00e8s de Chamb\u00e9ry et d\u2019Annecy.","breadcrumb":{"@id":"https:\/\/ocoeurdesoi.fr\/index.php\/gommage-du-corps\/#breadcrumb"},"inLanguage":"fr-FR","potentialAction":[{"@type":"ReadAction","target":["https:\/\/ocoeurdesoi.fr\/index.php\/gommage-du-corps\/"]}]},{"@type":"BreadcrumbList","@id":"https:\/\/ocoeurdesoi.fr\/index.php\/gommage-du-corps\/#breadcrumb","itemListElement":[{"@type":"ListItem","position":1,"name":"Accueil","item":"https:\/\/ocoeurdesoi.fr\/"},{"@type":"ListItem","position":2,"name":"Gommage du corps"}]},{"@type":"WebSite","@id":"https:\/\/ocoeurdesoi.fr\/#website","url":"https:\/\/ocoeurdesoi.fr\/","name":"O Coeur de Soi - Patricia BARLET","description":"Soins \u00e9nerg\u00e9tiques naturels visage et relaxation","publisher":{"@id":"https:\/\/ocoeurdesoi.fr\/#organization"},"potentialAction":[{"@type":"SearchAction","target":{"@type":"EntryPoint","urlTemplate":"https:\/\/ocoeurdesoi.fr\/?s={search_term_string}"},"query-input":"required name=search_term_string"}],"inLanguage":"fr-FR"},{"@type":"Organization","@id":"https:\/\/ocoeurdesoi.fr\/#organization","name":"O Coeur de Soi","url":"https:\/\/ocoeurdesoi.fr\/","logo":{"@type":"ImageObject","inLanguage":"fr-FR","@id":"https:\/\/ocoeurdesoi.fr\/#\/schema\/logo\/image\/","url":"https:\/\/ocoeurdesoi.fr\/wp-content\/uploads\/2021\/01\/eeaf7b577dea43b0aa1abca5c738926d.jpg","contentUrl":"https:\/\/ocoeurdesoi.fr\/wp-content\/uploads\/2021\/01\/eeaf7b577dea43b0aa1abca5c738926d.jpg","width":399,"height":51,"caption":"O Coeur de Soi"},"image":{"@id":"https:\/\/ocoeurdesoi.fr\/#\/schema\/logo\/image\/"}}]}},"_links":{"self":[{"href":"https:\/\/ocoeurdesoi.fr\/index.php\/wp-json\/wp\/v2\/pages\/153"}],"collection":[{"href":"https:\/\/ocoeurdesoi.fr\/index.php\/wp-json\/wp\/v2\/pages"}],"about":[{"href":"https:\/\/ocoeurdesoi.fr\/index.php\/wp-json\/wp\/v2\/types\/page"}],"author":[{"embeddable":true,"href":"https:\/\/ocoeurdesoi.fr\/index.php\/wp-json\/wp\/v2\/users\/1"}],"replies":[{"embeddable":true,"href":"https:\/\/ocoeurdesoi.fr\/index.php\/wp-json\/wp\/v2\/comments?post=153"}],"version-history":[{"count":5,"href":"https:\/\/ocoeurdesoi.fr\/index.php\/wp-json\/wp\/v2\/pages\/153\/revisions"}],"predecessor-version":[{"id":231,"href":"https:\/\/ocoeurdesoi.fr\/index.php\/wp-json\/wp\/v2\/pages\/153\/revisions\/231"}],"wp:attachment":[{"href":"https:\/\/ocoeurdesoi.fr\/index.php\/wp-json\/wp\/v2\/media?parent=153"}],"curies":[{"name":"wp","href":"https:\/\/api.w.org\/{rel}","templated":true}]}}