{"id":178,"date":"2021-01-24T19:42:48","date_gmt":"2021-01-24T18:42:48","guid":{"rendered":"http:\/\/ocoeurdesoi.fr\/?page_id=178"},"modified":"2021-01-24T19:46:24","modified_gmt":"2021-01-24T18:46:24","slug":"les-soins-cutanes-dr-belter-greentec","status":"publish","type":"page","link":"https:\/\/ocoeurdesoi.fr\/index.php\/les-soins-cutanes-dr-belter-greentec\/","title":{"rendered":"Les soins cutan\u00e9s DR.BELTER\u00ae &#8211; GreenTec"},"content":{"rendered":"<p><img decoding=\"async\" loading=\"lazy\" class=\"alignnone size-medium wp-image-173\" src=\"http:\/\/ocoeurdesoi.fr\/wp-content\/uploads\/2021\/01\/DR_BELTER-300x200.jpg\" alt=\"DR_BELTER\" width=\"100%\" height=\"\" srcset=\"https:\/\/ocoeurdesoi.fr\/wp-content\/uploads\/2021\/01\/DR_BELTER-300x200.jpg 300w, https:\/\/ocoeurdesoi.fr\/wp-content\/uploads\/2021\/01\/DR_BELTER-768x513.jpg 768w, https:\/\/ocoeurdesoi.fr\/wp-content\/uploads\/2021\/01\/DR_BELTER.jpg 800w\" sizes=\"(max-width: 300px) 100vw, 300px\" \/><strong>Notre peau est aussi pr\u00e9cieuse et individuelle que le sont nos personnalit\u00e9s.<\/strong><\/p>\n<h3>DR.BELTER\u00ae est synonyme de soins cutan\u00e9s naturels et dermatologiquement adapt\u00e9s utilisant les formulations GreenTec.<\/h3>\n<p>Le concept GreenTec combine des ingr\u00e9dients d\u2019origine biologique contr\u00f4l\u00e9e, si disponibles, du commerce \u00e9quitable + des actifs prom\u00e9dicaux innovants pour des effets visibles.<\/p>\n<p>Tous les produits sont exempts d\u2019huile min\u00e9rale, de silicone et sans parabens. Construites sur des mati\u00e8res premi\u00e8res d\u2019une grande puret\u00e9, identiques \u00e0 la peau (biomim\u00e9tiques) et des huiles pr\u00e9cieuses d\u2019origine v\u00e9g\u00e9tale, les formules assurent une excellente compatibilit\u00e9 et confort de la peau\u2026<\/p>\n<h2>Inspir\u00e9 par la nature<\/h2>\n<p>Notre peau est aussi pr\u00e9cieuse et individuelle que le sont nos personnalit\u00e9s.<br \/>\nPour se sentir et para\u00eetre en bonne sant\u00e9 et belle, il faut des soins de beaut\u00e9 r\u00e9guliers, de haute qualit\u00e9 et sur mesure.<\/p>\n<p>DR.BELTER\u00ae est synonyme de soins cutan\u00e9s naturels et dermatologiquement adapt\u00e9s utilisant les formulations GreenTec. Le concept GreenTec combine des ingr\u00e9dients d\u2019origine biologique contr\u00f4l\u00e9e, si disponibles, du commerce \u00e9quitable + des actifs prom\u00e9dicaux innovants pour des effets visibles.<\/p>\n<h3>Chez DR.BELTER\u00ae COSMETIC tout bon conseil pour atteindre un r\u00e9sultat; commence par une parfaite analyse de peau !<\/h3>\n<p>La peau ne peut pas entrer dans une typologie fig\u00e9e car elle \u00e9volue constamment en fonction de diff\u00e9rents facteurs : \u00e2ge, alimentation, changements hormonaux, climat, stress, g\u00e9n\u00e9tique,\u2026 C\u2019est sur ce principe que se base toute l\u2019expertise de notre Dermo-Analyse-Syst\u00e8me.<\/p>\n<p>Nos Dermo-Analystes sont des expertes cutan\u00e9es, qui maitrisent les fondamentaux de l\u2019anatomie &amp; physiologie de la peau ainsi que les pr\u00e9parations riches en actifs prom\u00e9dicaux. C\u2019est la base n\u00e9cessaire pour des comp\u00e9tences de conseil sur laquelle les succ\u00e8s du traitement sont construits.<\/p>\n<p>Le syst\u00e8me de Dermo-Analyse DR.BELTER\u00ae propose un bilan complet et permet de comprendre votre \u00e9tat de peau pour un service optimal. C\u2019est l\u2019instrument du succ\u00e8s pour choisir le bon plan de soins et la pr\u00e9paration cibl\u00e9e pour une peau saine et \u00e9quilibr\u00e9e.<\/p>\n<h3>Un suivi est n\u00e9cessaire pour l\u2019\u00e9laboration et l\u2019accompagnement du plan de soin personnalis\u00e9 de l\u2019\u00e9volution de votre peau !<\/h3>\n<p>DR.BELTER\u00ae est synonyme de soins cutan\u00e9s naturels et dermatologiquement adapt\u00e9s utilisant les formulations GreenTec.<\/p>\n<p style=\"text-align: center;\"><img decoding=\"async\" loading=\"lazy\" class=\"aligncenter size-full wp-image-172\" src=\"http:\/\/ocoeurdesoi.fr\/wp-content\/uploads\/2021\/01\/drbelter-.jpg\" alt=\"drbelter-\" width=\"800\" height=\"534\" srcset=\"https:\/\/ocoeurdesoi.fr\/wp-content\/uploads\/2021\/01\/drbelter-.jpg 800w, https:\/\/ocoeurdesoi.fr\/wp-content\/uploads\/2021\/01\/drbelter--300x200.jpg 300w, https:\/\/ocoeurdesoi.fr\/wp-content\/uploads\/2021\/01\/drbelter--768x513.jpg 768w\" sizes=\"(max-width: 800px) 100vw, 800px\" \/><\/p>\n","protected":false},"excerpt":{"rendered":"<p>Notre peau est aussi pr\u00e9cieuse et individuelle que le sont nos personnalit\u00e9s. DR.BELTER\u00ae est synonyme de soins cutan\u00e9s naturels et dermatologiquement adapt\u00e9s utilisant les formulations GreenTec. Le concept GreenTec combine des ingr\u00e9dients d\u2019origine biologique contr\u00f4l\u00e9e, si disponibles, du commerce \u00e9quitable + des actifs prom\u00e9dicaux innovants pour des effets visibles. Tous les produits sont exempts d\u2019huile &hellip; <a href=\"https:\/\/ocoeurdesoi.fr\/index.php\/les-soins-cutanes-dr-belter-greentec\/\" class=\"more-link\">Continuer la lecture de <span class=\"screen-reader-text\">Les soins cutan\u00e9s DR.BELTER\u00ae &#8211; GreenTec<\/span>  <span class=\"meta-nav\">&rarr;<\/span><\/a><\/p>\n","protected":false},"author":1,"featured_media":0,"parent":0,"menu_order":0,"comment_status":"closed","ping_status":"closed","template":"","meta":[],"yoast_head":"<!-- This site is optimized with the Yoast SEO plugin v20.9 - https:\/\/yoast.com\/wordpress\/plugins\/seo\/ -->\n<title>Les soins cutan\u00e9s DR.BELTER\u00ae - GreenTec - O Coeur de Soi - Patricia BARLET<\/title>\n<meta name=\"robots\" content=\"index, follow, max-snippet:-1, max-image-preview:large, max-video-preview:-1\" \/>\n<link rel=\"canonical\" href=\"https:\/\/ocoeurdesoi.fr\/index.php\/les-soins-cutanes-dr-belter-greentec\/\" \/>\n<meta property=\"og:locale\" content=\"fr_FR\" \/>\n<meta property=\"og:type\" content=\"article\" \/>\n<meta property=\"og:title\" content=\"Les soins cutan\u00e9s DR.BELTER\u00ae - GreenTec - O Coeur de Soi - Patricia BARLET\" \/>\n<meta property=\"og:description\" content=\"Notre peau est aussi pr\u00e9cieuse et individuelle que le sont nos personnalit\u00e9s. DR.BELTER\u00ae est synonyme de soins cutan\u00e9s naturels et dermatologiquement adapt\u00e9s utilisant les formulations GreenTec. Le concept GreenTec combine des ingr\u00e9dients d\u2019origine biologique contr\u00f4l\u00e9e, si disponibles, du commerce \u00e9quitable + des actifs prom\u00e9dicaux innovants pour des effets visibles. Tous les produits sont exempts d\u2019huile &hellip; Continuer la lecture de Les soins cutan\u00e9s DR.BELTER\u00ae &#8211; GreenTec &rarr;\" \/>\n<meta property=\"og:url\" content=\"https:\/\/ocoeurdesoi.fr\/index.php\/les-soins-cutanes-dr-belter-greentec\/\" \/>\n<meta property=\"og:site_name\" content=\"O Coeur de Soi - Patricia BARLET\" \/>\n<meta property=\"article:modified_time\" content=\"2021-01-24T18:46:24+00:00\" \/>\n<meta property=\"og:image\" content=\"http:\/\/ocoeurdesoi.fr\/wp-content\/uploads\/2021\/01\/DR_BELTER-300x200.jpg\" \/>\n<meta name=\"twitter:card\" content=\"summary_large_image\" \/>\n<meta name=\"twitter:label1\" content=\"Dur\u00e9e de lecture estim\u00e9e\" \/>\n\t<meta name=\"twitter:data1\" content=\"2 minutes\" \/>\n<script type=\"application\/ld+json\" class=\"yoast-schema-graph\">{\"@context\":\"https:\/\/schema.org\",\"@graph\":[{\"@type\":\"WebPage\",\"@id\":\"https:\/\/ocoeurdesoi.fr\/index.php\/les-soins-cutanes-dr-belter-greentec\/\",\"url\":\"https:\/\/ocoeurdesoi.fr\/index.php\/les-soins-cutanes-dr-belter-greentec\/\",\"name\":\"Les soins cutan\u00e9s DR.BELTER\u00ae - GreenTec - O Coeur de Soi - Patricia BARLET\",\"isPartOf\":{\"@id\":\"https:\/\/ocoeurdesoi.fr\/#website\"},\"datePublished\":\"2021-01-24T18:42:48+00:00\",\"dateModified\":\"2021-01-24T18:46:24+00:00\",\"breadcrumb\":{\"@id\":\"https:\/\/ocoeurdesoi.fr\/index.php\/les-soins-cutanes-dr-belter-greentec\/#breadcrumb\"},\"inLanguage\":\"fr-FR\",\"potentialAction\":[{\"@type\":\"ReadAction\",\"target\":[\"https:\/\/ocoeurdesoi.fr\/index.php\/les-soins-cutanes-dr-belter-greentec\/\"]}]},{\"@type\":\"BreadcrumbList\",\"@id\":\"https:\/\/ocoeurdesoi.fr\/index.php\/les-soins-cutanes-dr-belter-greentec\/#breadcrumb\",\"itemListElement\":[{\"@type\":\"ListItem\",\"position\":1,\"name\":\"Accueil\",\"item\":\"https:\/\/ocoeurdesoi.fr\/\"},{\"@type\":\"ListItem\",\"position\":2,\"name\":\"Les soins cutan\u00e9s DR.BELTER\u00ae &#8211; GreenTec\"}]},{\"@type\":\"WebSite\",\"@id\":\"https:\/\/ocoeurdesoi.fr\/#website\",\"url\":\"https:\/\/ocoeurdesoi.fr\/\",\"name\":\"O Coeur de Soi - Patricia BARLET\",\"description\":\"Soins \u00e9nerg\u00e9tiques naturels visage et relaxation\",\"publisher\":{\"@id\":\"https:\/\/ocoeurdesoi.fr\/#organization\"},\"potentialAction\":[{\"@type\":\"SearchAction\",\"target\":{\"@type\":\"EntryPoint\",\"urlTemplate\":\"https:\/\/ocoeurdesoi.fr\/?s={search_term_string}\"},\"query-input\":\"required name=search_term_string\"}],\"inLanguage\":\"fr-FR\"},{\"@type\":\"Organization\",\"@id\":\"https:\/\/ocoeurdesoi.fr\/#organization\",\"name\":\"O Coeur de Soi\",\"url\":\"https:\/\/ocoeurdesoi.fr\/\",\"logo\":{\"@type\":\"ImageObject\",\"inLanguage\":\"fr-FR\",\"@id\":\"https:\/\/ocoeurdesoi.fr\/#\/schema\/logo\/image\/\",\"url\":\"https:\/\/ocoeurdesoi.fr\/wp-content\/uploads\/2021\/01\/eeaf7b577dea43b0aa1abca5c738926d.jpg\",\"contentUrl\":\"https:\/\/ocoeurdesoi.fr\/wp-content\/uploads\/2021\/01\/eeaf7b577dea43b0aa1abca5c738926d.jpg\",\"width\":399,\"height\":51,\"caption\":\"O Coeur de Soi\"},\"image\":{\"@id\":\"https:\/\/ocoeurdesoi.fr\/#\/schema\/logo\/image\/\"}}]}<\/script>\n<!-- \/ Yoast SEO plugin. -->","yoast_head_json":{"title":"Les soins cutan\u00e9s DR.BELTER\u00ae - GreenTec - O Coeur de Soi - Patricia BARLET","robots":{"index":"index","follow":"follow","max-snippet":"max-snippet:-1","max-image-preview":"max-image-preview:large","max-video-preview":"max-video-preview:-1"},"canonical":"https:\/\/ocoeurdesoi.fr\/index.php\/les-soins-cutanes-dr-belter-greentec\/","og_locale":"fr_FR","og_type":"article","og_title":"Les soins cutan\u00e9s DR.BELTER\u00ae - GreenTec - O Coeur de Soi - Patricia BARLET","og_description":"Notre peau est aussi pr\u00e9cieuse et individuelle que le sont nos personnalit\u00e9s. DR.BELTER\u00ae est synonyme de soins cutan\u00e9s naturels et dermatologiquement adapt\u00e9s utilisant les formulations GreenTec. Le concept GreenTec combine des ingr\u00e9dients d\u2019origine biologique contr\u00f4l\u00e9e, si disponibles, du commerce \u00e9quitable + des actifs prom\u00e9dicaux innovants pour des effets visibles. Tous les produits sont exempts d\u2019huile &hellip; Continuer la lecture de Les soins cutan\u00e9s DR.BELTER\u00ae &#8211; GreenTec &rarr;","og_url":"https:\/\/ocoeurdesoi.fr\/index.php\/les-soins-cutanes-dr-belter-greentec\/","og_site_name":"O Coeur de Soi - Patricia BARLET","article_modified_time":"2021-01-24T18:46:24+00:00","og_image":[{"url":"http:\/\/ocoeurdesoi.fr\/wp-content\/uploads\/2021\/01\/DR_BELTER-300x200.jpg"}],"twitter_card":"summary_large_image","twitter_misc":{"Dur\u00e9e de lecture estim\u00e9e":"2 minutes"},"schema":{"@context":"https:\/\/schema.org","@graph":[{"@type":"WebPage","@id":"https:\/\/ocoeurdesoi.fr\/index.php\/les-soins-cutanes-dr-belter-greentec\/","url":"https:\/\/ocoeurdesoi.fr\/index.php\/les-soins-cutanes-dr-belter-greentec\/","name":"Les soins cutan\u00e9s DR.BELTER\u00ae - GreenTec - O Coeur de Soi - Patricia BARLET","isPartOf":{"@id":"https:\/\/ocoeurdesoi.fr\/#website"},"datePublished":"2021-01-24T18:42:48+00:00","dateModified":"2021-01-24T18:46:24+00:00","breadcrumb":{"@id":"https:\/\/ocoeurdesoi.fr\/index.php\/les-soins-cutanes-dr-belter-greentec\/#breadcrumb"},"inLanguage":"fr-FR","potentialAction":[{"@type":"ReadAction","target":["https:\/\/ocoeurdesoi.fr\/index.php\/les-soins-cutanes-dr-belter-greentec\/"]}]},{"@type":"BreadcrumbList","@id":"https:\/\/ocoeurdesoi.fr\/index.php\/les-soins-cutanes-dr-belter-greentec\/#breadcrumb","itemListElement":[{"@type":"ListItem","position":1,"name":"Accueil","item":"https:\/\/ocoeurdesoi.fr\/"},{"@type":"ListItem","position":2,"name":"Les soins cutan\u00e9s DR.BELTER\u00ae &#8211; GreenTec"}]},{"@type":"WebSite","@id":"https:\/\/ocoeurdesoi.fr\/#website","url":"https:\/\/ocoeurdesoi.fr\/","name":"O Coeur de Soi - Patricia BARLET","description":"Soins \u00e9nerg\u00e9tiques naturels visage et relaxation","publisher":{"@id":"https:\/\/ocoeurdesoi.fr\/#organization"},"potentialAction":[{"@type":"SearchAction","target":{"@type":"EntryPoint","urlTemplate":"https:\/\/ocoeurdesoi.fr\/?s={search_term_string}"},"query-input":"required name=search_term_string"}],"inLanguage":"fr-FR"},{"@type":"Organization","@id":"https:\/\/ocoeurdesoi.fr\/#organization","name":"O Coeur de Soi","url":"https:\/\/ocoeurdesoi.fr\/","logo":{"@type":"ImageObject","inLanguage":"fr-FR","@id":"https:\/\/ocoeurdesoi.fr\/#\/schema\/logo\/image\/","url":"https:\/\/ocoeurdesoi.fr\/wp-content\/uploads\/2021\/01\/eeaf7b577dea43b0aa1abca5c738926d.jpg","contentUrl":"https:\/\/ocoeurdesoi.fr\/wp-content\/uploads\/2021\/01\/eeaf7b577dea43b0aa1abca5c738926d.jpg","width":399,"height":51,"caption":"O Coeur de Soi"},"image":{"@id":"https:\/\/ocoeurdesoi.fr\/#\/schema\/logo\/image\/"}}]}},"_links":{"self":[{"href":"https:\/\/ocoeurdesoi.fr\/index.php\/wp-json\/wp\/v2\/pages\/178"}],"collection":[{"href":"https:\/\/ocoeurdesoi.fr\/index.php\/wp-json\/wp\/v2\/pages"}],"about":[{"href":"https:\/\/ocoeurdesoi.fr\/index.php\/wp-json\/wp\/v2\/types\/page"}],"author":[{"embeddable":true,"href":"https:\/\/ocoeurdesoi.fr\/index.php\/wp-json\/wp\/v2\/users\/1"}],"replies":[{"embeddable":true,"href":"https:\/\/ocoeurdesoi.fr\/index.php\/wp-json\/wp\/v2\/comments?post=178"}],"version-history":[{"count":5,"href":"https:\/\/ocoeurdesoi.fr\/index.php\/wp-json\/wp\/v2\/pages\/178\/revisions"}],"predecessor-version":[{"id":181,"href":"https:\/\/ocoeurdesoi.fr\/index.php\/wp-json\/wp\/v2\/pages\/178\/revisions\/181"}],"wp:attachment":[{"href":"https:\/\/ocoeurdesoi.fr\/index.php\/wp-json\/wp\/v2\/media?parent=178"}],"curies":[{"name":"wp","href":"https:\/\/api.w.org\/{rel}","templated":true}]}}