{"id":190,"date":"2021-01-24T20:09:54","date_gmt":"2021-01-24T19:09:54","guid":{"rendered":"http:\/\/ocoeurdesoi.fr\/?page_id=190"},"modified":"2026-03-19T21:32:16","modified_gmt":"2026-03-19T20:32:16","slug":"soin-visage-dr-belter","status":"publish","type":"page","link":"https:\/\/ocoeurdesoi.fr\/index.php\/soin-visage-dr-belter\/","title":{"rendered":"Soins du visage Dr. Belter\u00ae"},"content":{"rendered":"<p style=\"text-align: center;\"><strong>110 \u20ac le soin, dur\u00e9e 1h15<\/strong><\/p>\n<p>Les troubles cutan\u00e9s fonctionnels et un syst\u00e8me immunitaire d\u00e9ficient n\u00e9cessitent des soins et une attention particuli\u00e8re dans la m\u00e9thode de traitement.<\/p>\n<p><img decoding=\"async\" loading=\"lazy\" class=\"alignleft size-medium wp-image-187\" src=\"http:\/\/ocoeurdesoi.fr\/wp-content\/uploads\/2021\/01\/dermo_BELTER-224x300.jpg\" alt=\"dermo_BELTER\" width=\"224\" height=\"300\" srcset=\"https:\/\/ocoeurdesoi.fr\/wp-content\/uploads\/2021\/01\/dermo_BELTER-224x300.jpg 224w, https:\/\/ocoeurdesoi.fr\/wp-content\/uploads\/2021\/01\/dermo_BELTER-768x1029.jpg 768w, https:\/\/ocoeurdesoi.fr\/wp-content\/uploads\/2021\/01\/dermo_BELTER-764x1024.jpg 764w, https:\/\/ocoeurdesoi.fr\/wp-content\/uploads\/2021\/01\/dermo_BELTER.jpg 800w\" sizes=\"(max-width: 224px) 100vw, 224px\" \/>Les soins doivent se concentrer sur la r\u00e9g\u00e9n\u00e9ration et l\u2019enrichissement des barri\u00e8res protectrices de la peau, en r\u00e9duisant les troubles cutan\u00e9s tout en soutenant ses processus d\u2019\u00e9quilibre.<\/p>\n<blockquote><p><strong>La gamme\u00a0\u00ab\u00a0sensi-bel\u00a0\u00bb assure une th\u00e9rapie de la peau particuli\u00e8rement douce et significative pour les types de peau difficiles.<\/strong><\/p>\n<p>C\u2019est une source de bien-\u00eatre pour les peaux tr\u00e8s sensibles avec une fonction de la barri\u00e8re lipidique perturb\u00e9e et pour l\u2019ecz\u00e9ma ainsi que pour la peau avec une tendance \u00e0 la couperose et son stade ult\u00e9rieur de rosac\u00e9e.<\/p>\n<p>Le groupe de produits \u00ab\u00a0sensi-bel\u00a0\u00bb D\u00e9licate est une source de confort pour les peaux hypersensibles sujettes aux r\u00e9actions allergiques et \u00e0 l\u2019ecz\u00e9ma.<\/p><\/blockquote>\n<p>Les formules \u00ab\u00a0sensi-bel\u00a0\u00bb\u00a0 Couperosis sont d\u00e9velopp\u00e9es pour traiter la peau avec des capillaires fragiles, des \u00e9ryth\u00e8mes et des t\u00e9langiectasies (vaisseaux dilat\u00e9s visibles).<\/p>\n<p>Des extraits de plantes m\u00e9dicinales s\u00e9lectionn\u00e9s sont combin\u00e9s avec les derniers actifs brevet\u00e9s pour am\u00e9liorer visiblement ce type de peau.<\/p>\n<h2 style=\"text-align: center;\">Soins de la peau dans le contexte oncologique<br \/>\n<img decoding=\"async\" loading=\"lazy\" class=\"alignright size-full wp-image-189\" src=\"http:\/\/ocoeurdesoi.fr\/wp-content\/uploads\/2021\/01\/onkologie_-copie.png\" alt=\"onkologie_ copie\" width=\"870\" height=\"724\" srcset=\"https:\/\/ocoeurdesoi.fr\/wp-content\/uploads\/2021\/01\/onkologie_-copie.png 870w, https:\/\/ocoeurdesoi.fr\/wp-content\/uploads\/2021\/01\/onkologie_-copie-300x250.png 300w, https:\/\/ocoeurdesoi.fr\/wp-content\/uploads\/2021\/01\/onkologie_-copie-768x639.png 768w\" sizes=\"(max-width: 870px) 100vw, 870px\" \/><\/h2>\n<p style=\"text-align: center;\"><strong>\u00ab\u00a0Sensi-Bel\u00a0\u00bb \u2013 Soin prom\u00e9dical pur pour les peaux hypersensibles<\/strong><\/p>\n<p>Diff\u00e9rents soins sp\u00e9cifiques et adapt\u00e9s \u00ab\u00a0BELTER\u00a0\u00bb sont propos\u00e9s apr\u00e8s un diagnostic personnalis\u00e9 (perte de tonicit\u00e9, tiraillement, s\u00e9cheresse, desquamation, irritation&#8230;)<\/p>\n","protected":false},"excerpt":{"rendered":"<p>110 \u20ac le soin, dur\u00e9e 1h15 Les troubles cutan\u00e9s fonctionnels et un syst\u00e8me immunitaire d\u00e9ficient n\u00e9cessitent des soins et une attention particuli\u00e8re dans la m\u00e9thode de traitement. Les soins doivent se concentrer sur la r\u00e9g\u00e9n\u00e9ration et l\u2019enrichissement des barri\u00e8res protectrices de la peau, en r\u00e9duisant les troubles cutan\u00e9s tout en soutenant ses processus d\u2019\u00e9quilibre. La &hellip; <a href=\"https:\/\/ocoeurdesoi.fr\/index.php\/soin-visage-dr-belter\/\" class=\"more-link\">Continuer la lecture de <span class=\"screen-reader-text\">Soins du visage Dr. Belter\u00ae<\/span>  <span class=\"meta-nav\">&rarr;<\/span><\/a><\/p>\n","protected":false},"author":1,"featured_media":0,"parent":0,"menu_order":0,"comment_status":"closed","ping_status":"closed","template":"","meta":[],"yoast_head":"<!-- This site is optimized with the Yoast SEO plugin v20.9 - https:\/\/yoast.com\/wordpress\/plugins\/seo\/ -->\n<title>Soins du visage Dr. Belter\u00ae Patricia BARLET - Pr\u00e8s d&#039;Aix-les-Bains<\/title>\n<meta name=\"description\" content=\"Venez d\u00e9couvrir les soins naturels du visage \u00e0 Tr\u00e9vignin \u00e0 proximit\u00e9 d&#039;Aix-les-Bains, pr\u00e8s de Chamb\u00e9ry et d\u2019Annecy\" \/>\n<meta name=\"robots\" content=\"index, follow, max-snippet:-1, max-image-preview:large, max-video-preview:-1\" \/>\n<link rel=\"canonical\" href=\"https:\/\/ocoeurdesoi.fr\/index.php\/soin-visage-dr-belter\/\" \/>\n<meta property=\"og:locale\" content=\"fr_FR\" \/>\n<meta property=\"og:type\" content=\"article\" \/>\n<meta property=\"og:title\" content=\"Soins du visage Dr. Belter\u00ae Patricia BARLET - Pr\u00e8s d&#039;Aix-les-Bains\" \/>\n<meta property=\"og:description\" content=\"Venez d\u00e9couvrir les soins naturels du visage \u00e0 Tr\u00e9vignin \u00e0 proximit\u00e9 d&#039;Aix-les-Bains, pr\u00e8s de Chamb\u00e9ry et d\u2019Annecy\" \/>\n<meta property=\"og:url\" content=\"https:\/\/ocoeurdesoi.fr\/index.php\/soin-visage-dr-belter\/\" \/>\n<meta property=\"og:site_name\" content=\"O Coeur de Soi - Patricia BARLET\" \/>\n<meta property=\"article:modified_time\" content=\"2026-03-19T20:32:16+00:00\" \/>\n<meta property=\"og:image\" content=\"http:\/\/ocoeurdesoi.fr\/wp-content\/uploads\/2021\/01\/dermo_BELTER-224x300.jpg\" \/>\n<meta name=\"twitter:card\" content=\"summary_large_image\" \/>\n<meta name=\"twitter:label1\" content=\"Dur\u00e9e de lecture estim\u00e9e\" \/>\n\t<meta name=\"twitter:data1\" content=\"2 minutes\" \/>\n<script type=\"application\/ld+json\" class=\"yoast-schema-graph\">{\"@context\":\"https:\/\/schema.org\",\"@graph\":[{\"@type\":\"WebPage\",\"@id\":\"https:\/\/ocoeurdesoi.fr\/index.php\/soin-visage-dr-belter\/\",\"url\":\"https:\/\/ocoeurdesoi.fr\/index.php\/soin-visage-dr-belter\/\",\"name\":\"Soins du visage Dr. Belter\u00ae Patricia BARLET - Pr\u00e8s d'Aix-les-Bains\",\"isPartOf\":{\"@id\":\"https:\/\/ocoeurdesoi.fr\/#website\"},\"datePublished\":\"2021-01-24T19:09:54+00:00\",\"dateModified\":\"2026-03-19T20:32:16+00:00\",\"description\":\"Venez d\u00e9couvrir les soins naturels du visage \u00e0 Tr\u00e9vignin \u00e0 proximit\u00e9 d'Aix-les-Bains, pr\u00e8s de Chamb\u00e9ry et d\u2019Annecy\",\"breadcrumb\":{\"@id\":\"https:\/\/ocoeurdesoi.fr\/index.php\/soin-visage-dr-belter\/#breadcrumb\"},\"inLanguage\":\"fr-FR\",\"potentialAction\":[{\"@type\":\"ReadAction\",\"target\":[\"https:\/\/ocoeurdesoi.fr\/index.php\/soin-visage-dr-belter\/\"]}]},{\"@type\":\"BreadcrumbList\",\"@id\":\"https:\/\/ocoeurdesoi.fr\/index.php\/soin-visage-dr-belter\/#breadcrumb\",\"itemListElement\":[{\"@type\":\"ListItem\",\"position\":1,\"name\":\"Accueil\",\"item\":\"https:\/\/ocoeurdesoi.fr\/\"},{\"@type\":\"ListItem\",\"position\":2,\"name\":\"Soins du visage Dr. Belter\u00ae\"}]},{\"@type\":\"WebSite\",\"@id\":\"https:\/\/ocoeurdesoi.fr\/#website\",\"url\":\"https:\/\/ocoeurdesoi.fr\/\",\"name\":\"O Coeur de Soi - Patricia BARLET\",\"description\":\"Soins \u00e9nerg\u00e9tiques naturels visage et relaxation\",\"publisher\":{\"@id\":\"https:\/\/ocoeurdesoi.fr\/#organization\"},\"potentialAction\":[{\"@type\":\"SearchAction\",\"target\":{\"@type\":\"EntryPoint\",\"urlTemplate\":\"https:\/\/ocoeurdesoi.fr\/?s={search_term_string}\"},\"query-input\":\"required name=search_term_string\"}],\"inLanguage\":\"fr-FR\"},{\"@type\":\"Organization\",\"@id\":\"https:\/\/ocoeurdesoi.fr\/#organization\",\"name\":\"O Coeur de Soi\",\"url\":\"https:\/\/ocoeurdesoi.fr\/\",\"logo\":{\"@type\":\"ImageObject\",\"inLanguage\":\"fr-FR\",\"@id\":\"https:\/\/ocoeurdesoi.fr\/#\/schema\/logo\/image\/\",\"url\":\"https:\/\/ocoeurdesoi.fr\/wp-content\/uploads\/2021\/01\/eeaf7b577dea43b0aa1abca5c738926d.jpg\",\"contentUrl\":\"https:\/\/ocoeurdesoi.fr\/wp-content\/uploads\/2021\/01\/eeaf7b577dea43b0aa1abca5c738926d.jpg\",\"width\":399,\"height\":51,\"caption\":\"O Coeur de Soi\"},\"image\":{\"@id\":\"https:\/\/ocoeurdesoi.fr\/#\/schema\/logo\/image\/\"}}]}<\/script>\n<!-- \/ Yoast SEO plugin. -->","yoast_head_json":{"title":"Soins du visage Dr. Belter\u00ae Patricia BARLET - Pr\u00e8s d'Aix-les-Bains","description":"Venez d\u00e9couvrir les soins naturels du visage \u00e0 Tr\u00e9vignin \u00e0 proximit\u00e9 d'Aix-les-Bains, pr\u00e8s de Chamb\u00e9ry et d\u2019Annecy","robots":{"index":"index","follow":"follow","max-snippet":"max-snippet:-1","max-image-preview":"max-image-preview:large","max-video-preview":"max-video-preview:-1"},"canonical":"https:\/\/ocoeurdesoi.fr\/index.php\/soin-visage-dr-belter\/","og_locale":"fr_FR","og_type":"article","og_title":"Soins du visage Dr. Belter\u00ae Patricia BARLET - Pr\u00e8s d'Aix-les-Bains","og_description":"Venez d\u00e9couvrir les soins naturels du visage \u00e0 Tr\u00e9vignin \u00e0 proximit\u00e9 d'Aix-les-Bains, pr\u00e8s de Chamb\u00e9ry et d\u2019Annecy","og_url":"https:\/\/ocoeurdesoi.fr\/index.php\/soin-visage-dr-belter\/","og_site_name":"O Coeur de Soi - Patricia BARLET","article_modified_time":"2026-03-19T20:32:16+00:00","og_image":[{"url":"http:\/\/ocoeurdesoi.fr\/wp-content\/uploads\/2021\/01\/dermo_BELTER-224x300.jpg"}],"twitter_card":"summary_large_image","twitter_misc":{"Dur\u00e9e de lecture estim\u00e9e":"2 minutes"},"schema":{"@context":"https:\/\/schema.org","@graph":[{"@type":"WebPage","@id":"https:\/\/ocoeurdesoi.fr\/index.php\/soin-visage-dr-belter\/","url":"https:\/\/ocoeurdesoi.fr\/index.php\/soin-visage-dr-belter\/","name":"Soins du visage Dr. Belter\u00ae Patricia BARLET - Pr\u00e8s d'Aix-les-Bains","isPartOf":{"@id":"https:\/\/ocoeurdesoi.fr\/#website"},"datePublished":"2021-01-24T19:09:54+00:00","dateModified":"2026-03-19T20:32:16+00:00","description":"Venez d\u00e9couvrir les soins naturels du visage \u00e0 Tr\u00e9vignin \u00e0 proximit\u00e9 d'Aix-les-Bains, pr\u00e8s de Chamb\u00e9ry et d\u2019Annecy","breadcrumb":{"@id":"https:\/\/ocoeurdesoi.fr\/index.php\/soin-visage-dr-belter\/#breadcrumb"},"inLanguage":"fr-FR","potentialAction":[{"@type":"ReadAction","target":["https:\/\/ocoeurdesoi.fr\/index.php\/soin-visage-dr-belter\/"]}]},{"@type":"BreadcrumbList","@id":"https:\/\/ocoeurdesoi.fr\/index.php\/soin-visage-dr-belter\/#breadcrumb","itemListElement":[{"@type":"ListItem","position":1,"name":"Accueil","item":"https:\/\/ocoeurdesoi.fr\/"},{"@type":"ListItem","position":2,"name":"Soins du visage Dr. Belter\u00ae"}]},{"@type":"WebSite","@id":"https:\/\/ocoeurdesoi.fr\/#website","url":"https:\/\/ocoeurdesoi.fr\/","name":"O Coeur de Soi - Patricia BARLET","description":"Soins \u00e9nerg\u00e9tiques naturels visage et relaxation","publisher":{"@id":"https:\/\/ocoeurdesoi.fr\/#organization"},"potentialAction":[{"@type":"SearchAction","target":{"@type":"EntryPoint","urlTemplate":"https:\/\/ocoeurdesoi.fr\/?s={search_term_string}"},"query-input":"required name=search_term_string"}],"inLanguage":"fr-FR"},{"@type":"Organization","@id":"https:\/\/ocoeurdesoi.fr\/#organization","name":"O Coeur de Soi","url":"https:\/\/ocoeurdesoi.fr\/","logo":{"@type":"ImageObject","inLanguage":"fr-FR","@id":"https:\/\/ocoeurdesoi.fr\/#\/schema\/logo\/image\/","url":"https:\/\/ocoeurdesoi.fr\/wp-content\/uploads\/2021\/01\/eeaf7b577dea43b0aa1abca5c738926d.jpg","contentUrl":"https:\/\/ocoeurdesoi.fr\/wp-content\/uploads\/2021\/01\/eeaf7b577dea43b0aa1abca5c738926d.jpg","width":399,"height":51,"caption":"O Coeur de Soi"},"image":{"@id":"https:\/\/ocoeurdesoi.fr\/#\/schema\/logo\/image\/"}}]}},"_links":{"self":[{"href":"https:\/\/ocoeurdesoi.fr\/index.php\/wp-json\/wp\/v2\/pages\/190"}],"collection":[{"href":"https:\/\/ocoeurdesoi.fr\/index.php\/wp-json\/wp\/v2\/pages"}],"about":[{"href":"https:\/\/ocoeurdesoi.fr\/index.php\/wp-json\/wp\/v2\/types\/page"}],"author":[{"embeddable":true,"href":"https:\/\/ocoeurdesoi.fr\/index.php\/wp-json\/wp\/v2\/users\/1"}],"replies":[{"embeddable":true,"href":"https:\/\/ocoeurdesoi.fr\/index.php\/wp-json\/wp\/v2\/comments?post=190"}],"version-history":[{"count":9,"href":"https:\/\/ocoeurdesoi.fr\/index.php\/wp-json\/wp\/v2\/pages\/190\/revisions"}],"predecessor-version":[{"id":281,"href":"https:\/\/ocoeurdesoi.fr\/index.php\/wp-json\/wp\/v2\/pages\/190\/revisions\/281"}],"wp:attachment":[{"href":"https:\/\/ocoeurdesoi.fr\/index.php\/wp-json\/wp\/v2\/media?parent=190"}],"curies":[{"name":"wp","href":"https:\/\/api.w.org\/{rel}","templated":true}]}}