{"id":46,"date":"2016-05-05T13:11:05","date_gmt":"2016-05-05T12:11:05","guid":{"rendered":"http:\/\/ocoeurdesoi.fr\/?page_id=46"},"modified":"2022-05-03T20:03:36","modified_gmt":"2022-05-03T19:03:36","slug":"patricia-barlet","status":"publish","type":"page","link":"https:\/\/ocoeurdesoi.fr\/index.php\/patricia-barlet\/","title":{"rendered":"Patricia BARLET, soins du visage \u00e0 Aix-les-Bains"},"content":{"rendered":"<p><img decoding=\"async\" loading=\"lazy\" class=\"size-medium wp-image-166 alignright\" src=\"http:\/\/ocoeurdesoi.fr\/wp-content\/uploads\/2021\/01\/patricia-221x300.jpg\" alt=\"patricia\" width=\"221\" height=\"300\" srcset=\"https:\/\/ocoeurdesoi.fr\/wp-content\/uploads\/2021\/01\/patricia-221x300.jpg 221w, https:\/\/ocoeurdesoi.fr\/wp-content\/uploads\/2021\/01\/patricia.jpg 500w\" sizes=\"(max-width: 221px) 100vw, 221px\" \/>Elle cr\u00e9\u00e9 en 2016 l\u2019activit\u00e9<br \/>\n<strong>O Coeur de Soi<\/strong>, utilisant la m\u00e9thode Phytobiodermie\u00ae bas\u00e9e sur les principes des m\u00e9decines \u00e9nerg\u00e9tiques de la M\u00e9decine Traditionnelle Chinoise.<\/p>\n<p>Exer\u00e7ant depuis 1988 dans le domaine des soins et modelages esth\u00e9tiques, son exp\u00e9rience et sa ma\u00eetrise lui permettent d\u2019instaurer avec vous une relation de confiance et de discr\u00e9tion.<\/p>\n<p>Bienvenue \u00e0 Aix-les-Bains pour un moment privil\u00e9gi\u00e9 d\u00e9di\u00e9 \u00e0 votre beaut\u00e9 et \u00e0 votre bien \u00eatre.<\/p>\n<p>Une parenth\u00e8se \u00e0 vous accorder ou \u00e0 offrir\u2026<\/p>\n<h5 style=\"text-align: center;\">Patricia vous accueille uniquement<br \/>\nsur rendez-vous au 06 50 12 88 96<\/h5>\n","protected":false},"excerpt":{"rendered":"<p>Elle cr\u00e9\u00e9 en 2016 l\u2019activit\u00e9 O Coeur de Soi, utilisant la m\u00e9thode Phytobiodermie\u00ae bas\u00e9e sur les principes des m\u00e9decines \u00e9nerg\u00e9tiques de la M\u00e9decine Traditionnelle Chinoise. Exer\u00e7ant depuis 1988 dans le domaine des soins et modelages esth\u00e9tiques, son exp\u00e9rience et sa ma\u00eetrise lui permettent d\u2019instaurer avec vous une relation de confiance et de discr\u00e9tion. Bienvenue \u00e0 &hellip; <a href=\"https:\/\/ocoeurdesoi.fr\/index.php\/patricia-barlet\/\" class=\"more-link\">Continuer la lecture de <span class=\"screen-reader-text\">Patricia BARLET, soins du visage \u00e0 Aix-les-Bains<\/span>  <span class=\"meta-nav\">&rarr;<\/span><\/a><\/p>\n","protected":false},"author":1,"featured_media":0,"parent":0,"menu_order":0,"comment_status":"closed","ping_status":"closed","template":"","meta":[],"yoast_head":"<!-- This site is optimized with the Yoast SEO plugin v20.9 - https:\/\/yoast.com\/wordpress\/plugins\/seo\/ -->\n<title>Patricia - Soins du visage \u00e0 Aix-les-Bains, Savoie<\/title>\n<meta name=\"description\" content=\"Patricia Barlet \u00e0 Aix-les-Bains. Soins du visage et du corps personnalis\u00e9s, effectu\u00e9s en fonction de la saison, du temps, du type de peau, des zones r\u00e9flexes ou encore du biorythme\" \/>\n<meta name=\"robots\" content=\"index, follow, max-snippet:-1, max-image-preview:large, max-video-preview:-1\" \/>\n<link rel=\"canonical\" href=\"https:\/\/ocoeurdesoi.fr\/index.php\/patricia-barlet\/\" \/>\n<meta property=\"og:locale\" content=\"fr_FR\" \/>\n<meta property=\"og:type\" content=\"article\" \/>\n<meta property=\"og:title\" content=\"Patricia - Soins du visage \u00e0 Aix-les-Bains, Savoie\" \/>\n<meta property=\"og:description\" content=\"Patricia Barlet \u00e0 Aix-les-Bains. Soins du visage et du corps personnalis\u00e9s, effectu\u00e9s en fonction de la saison, du temps, du type de peau, des zones r\u00e9flexes ou encore du biorythme\" \/>\n<meta property=\"og:url\" content=\"https:\/\/ocoeurdesoi.fr\/index.php\/patricia-barlet\/\" \/>\n<meta property=\"og:site_name\" content=\"O Coeur de Soi - Patricia BARLET\" \/>\n<meta property=\"article:modified_time\" content=\"2022-05-03T19:03:36+00:00\" \/>\n<meta property=\"og:image\" content=\"http:\/\/ocoeurdesoi.fr\/wp-content\/uploads\/2021\/01\/patricia-221x300.jpg\" \/>\n<meta name=\"twitter:card\" content=\"summary_large_image\" \/>\n<script type=\"application\/ld+json\" class=\"yoast-schema-graph\">{\"@context\":\"https:\/\/schema.org\",\"@graph\":[{\"@type\":\"WebPage\",\"@id\":\"https:\/\/ocoeurdesoi.fr\/index.php\/patricia-barlet\/\",\"url\":\"https:\/\/ocoeurdesoi.fr\/index.php\/patricia-barlet\/\",\"name\":\"Patricia - Soins du visage \u00e0 Aix-les-Bains, Savoie\",\"isPartOf\":{\"@id\":\"https:\/\/ocoeurdesoi.fr\/#website\"},\"datePublished\":\"2016-05-05T12:11:05+00:00\",\"dateModified\":\"2022-05-03T19:03:36+00:00\",\"description\":\"Patricia Barlet \u00e0 Aix-les-Bains. Soins du visage et du corps personnalis\u00e9s, effectu\u00e9s en fonction de la saison, du temps, du type de peau, des zones r\u00e9flexes ou encore du biorythme\",\"breadcrumb\":{\"@id\":\"https:\/\/ocoeurdesoi.fr\/index.php\/patricia-barlet\/#breadcrumb\"},\"inLanguage\":\"fr-FR\",\"potentialAction\":[{\"@type\":\"ReadAction\",\"target\":[\"https:\/\/ocoeurdesoi.fr\/index.php\/patricia-barlet\/\"]}]},{\"@type\":\"BreadcrumbList\",\"@id\":\"https:\/\/ocoeurdesoi.fr\/index.php\/patricia-barlet\/#breadcrumb\",\"itemListElement\":[{\"@type\":\"ListItem\",\"position\":1,\"name\":\"Accueil\",\"item\":\"https:\/\/ocoeurdesoi.fr\/\"},{\"@type\":\"ListItem\",\"position\":2,\"name\":\"Patricia BARLET, soins du visage \u00e0 Aix-les-Bains\"}]},{\"@type\":\"WebSite\",\"@id\":\"https:\/\/ocoeurdesoi.fr\/#website\",\"url\":\"https:\/\/ocoeurdesoi.fr\/\",\"name\":\"O Coeur de Soi - Patricia BARLET\",\"description\":\"Soins \u00e9nerg\u00e9tiques naturels visage et relaxation\",\"publisher\":{\"@id\":\"https:\/\/ocoeurdesoi.fr\/#organization\"},\"potentialAction\":[{\"@type\":\"SearchAction\",\"target\":{\"@type\":\"EntryPoint\",\"urlTemplate\":\"https:\/\/ocoeurdesoi.fr\/?s={search_term_string}\"},\"query-input\":\"required name=search_term_string\"}],\"inLanguage\":\"fr-FR\"},{\"@type\":\"Organization\",\"@id\":\"https:\/\/ocoeurdesoi.fr\/#organization\",\"name\":\"O Coeur de Soi\",\"url\":\"https:\/\/ocoeurdesoi.fr\/\",\"logo\":{\"@type\":\"ImageObject\",\"inLanguage\":\"fr-FR\",\"@id\":\"https:\/\/ocoeurdesoi.fr\/#\/schema\/logo\/image\/\",\"url\":\"https:\/\/ocoeurdesoi.fr\/wp-content\/uploads\/2021\/01\/eeaf7b577dea43b0aa1abca5c738926d.jpg\",\"contentUrl\":\"https:\/\/ocoeurdesoi.fr\/wp-content\/uploads\/2021\/01\/eeaf7b577dea43b0aa1abca5c738926d.jpg\",\"width\":399,\"height\":51,\"caption\":\"O Coeur de Soi\"},\"image\":{\"@id\":\"https:\/\/ocoeurdesoi.fr\/#\/schema\/logo\/image\/\"}}]}<\/script>\n<!-- \/ Yoast SEO plugin. -->","yoast_head_json":{"title":"Patricia - Soins du visage \u00e0 Aix-les-Bains, Savoie","description":"Patricia Barlet \u00e0 Aix-les-Bains. Soins du visage et du corps personnalis\u00e9s, effectu\u00e9s en fonction de la saison, du temps, du type de peau, des zones r\u00e9flexes ou encore du biorythme","robots":{"index":"index","follow":"follow","max-snippet":"max-snippet:-1","max-image-preview":"max-image-preview:large","max-video-preview":"max-video-preview:-1"},"canonical":"https:\/\/ocoeurdesoi.fr\/index.php\/patricia-barlet\/","og_locale":"fr_FR","og_type":"article","og_title":"Patricia - Soins du visage \u00e0 Aix-les-Bains, Savoie","og_description":"Patricia Barlet \u00e0 Aix-les-Bains. Soins du visage et du corps personnalis\u00e9s, effectu\u00e9s en fonction de la saison, du temps, du type de peau, des zones r\u00e9flexes ou encore du biorythme","og_url":"https:\/\/ocoeurdesoi.fr\/index.php\/patricia-barlet\/","og_site_name":"O Coeur de Soi - Patricia BARLET","article_modified_time":"2022-05-03T19:03:36+00:00","og_image":[{"url":"http:\/\/ocoeurdesoi.fr\/wp-content\/uploads\/2021\/01\/patricia-221x300.jpg"}],"twitter_card":"summary_large_image","schema":{"@context":"https:\/\/schema.org","@graph":[{"@type":"WebPage","@id":"https:\/\/ocoeurdesoi.fr\/index.php\/patricia-barlet\/","url":"https:\/\/ocoeurdesoi.fr\/index.php\/patricia-barlet\/","name":"Patricia - Soins du visage \u00e0 Aix-les-Bains, Savoie","isPartOf":{"@id":"https:\/\/ocoeurdesoi.fr\/#website"},"datePublished":"2016-05-05T12:11:05+00:00","dateModified":"2022-05-03T19:03:36+00:00","description":"Patricia Barlet \u00e0 Aix-les-Bains. Soins du visage et du corps personnalis\u00e9s, effectu\u00e9s en fonction de la saison, du temps, du type de peau, des zones r\u00e9flexes ou encore du biorythme","breadcrumb":{"@id":"https:\/\/ocoeurdesoi.fr\/index.php\/patricia-barlet\/#breadcrumb"},"inLanguage":"fr-FR","potentialAction":[{"@type":"ReadAction","target":["https:\/\/ocoeurdesoi.fr\/index.php\/patricia-barlet\/"]}]},{"@type":"BreadcrumbList","@id":"https:\/\/ocoeurdesoi.fr\/index.php\/patricia-barlet\/#breadcrumb","itemListElement":[{"@type":"ListItem","position":1,"name":"Accueil","item":"https:\/\/ocoeurdesoi.fr\/"},{"@type":"ListItem","position":2,"name":"Patricia BARLET, soins du visage \u00e0 Aix-les-Bains"}]},{"@type":"WebSite","@id":"https:\/\/ocoeurdesoi.fr\/#website","url":"https:\/\/ocoeurdesoi.fr\/","name":"O Coeur de Soi - Patricia BARLET","description":"Soins \u00e9nerg\u00e9tiques naturels visage et relaxation","publisher":{"@id":"https:\/\/ocoeurdesoi.fr\/#organization"},"potentialAction":[{"@type":"SearchAction","target":{"@type":"EntryPoint","urlTemplate":"https:\/\/ocoeurdesoi.fr\/?s={search_term_string}"},"query-input":"required name=search_term_string"}],"inLanguage":"fr-FR"},{"@type":"Organization","@id":"https:\/\/ocoeurdesoi.fr\/#organization","name":"O Coeur de Soi","url":"https:\/\/ocoeurdesoi.fr\/","logo":{"@type":"ImageObject","inLanguage":"fr-FR","@id":"https:\/\/ocoeurdesoi.fr\/#\/schema\/logo\/image\/","url":"https:\/\/ocoeurdesoi.fr\/wp-content\/uploads\/2021\/01\/eeaf7b577dea43b0aa1abca5c738926d.jpg","contentUrl":"https:\/\/ocoeurdesoi.fr\/wp-content\/uploads\/2021\/01\/eeaf7b577dea43b0aa1abca5c738926d.jpg","width":399,"height":51,"caption":"O Coeur de Soi"},"image":{"@id":"https:\/\/ocoeurdesoi.fr\/#\/schema\/logo\/image\/"}}]}},"_links":{"self":[{"href":"https:\/\/ocoeurdesoi.fr\/index.php\/wp-json\/wp\/v2\/pages\/46"}],"collection":[{"href":"https:\/\/ocoeurdesoi.fr\/index.php\/wp-json\/wp\/v2\/pages"}],"about":[{"href":"https:\/\/ocoeurdesoi.fr\/index.php\/wp-json\/wp\/v2\/types\/page"}],"author":[{"embeddable":true,"href":"https:\/\/ocoeurdesoi.fr\/index.php\/wp-json\/wp\/v2\/users\/1"}],"replies":[{"embeddable":true,"href":"https:\/\/ocoeurdesoi.fr\/index.php\/wp-json\/wp\/v2\/comments?post=46"}],"version-history":[{"count":19,"href":"https:\/\/ocoeurdesoi.fr\/index.php\/wp-json\/wp\/v2\/pages\/46\/revisions"}],"predecessor-version":[{"id":215,"href":"https:\/\/ocoeurdesoi.fr\/index.php\/wp-json\/wp\/v2\/pages\/46\/revisions\/215"}],"wp:attachment":[{"href":"https:\/\/ocoeurdesoi.fr\/index.php\/wp-json\/wp\/v2\/media?parent=46"}],"curies":[{"name":"wp","href":"https:\/\/api.w.org\/{rel}","templated":true}]}}