{"id":55,"date":"2016-05-05T13:37:46","date_gmt":"2016-05-05T12:37:46","guid":{"rendered":"http:\/\/ocoeurdesoi.fr\/?page_id=55"},"modified":"2026-03-19T21:28:45","modified_gmt":"2026-03-19T20:28:45","slug":"les-soins-en-phytobiodermie-phyto-5","status":"publish","type":"page","link":"https:\/\/ocoeurdesoi.fr\/index.php\/les-soins-en-phytobiodermie-phyto-5\/","title":{"rendered":"Les soins en Phytobiodermie, PHYTO 5\u00ae"},"content":{"rendered":"<p><img decoding=\"async\" loading=\"lazy\" class=\"aligncenter wp-image-18 size-full\" src=\"http:\/\/ocoeurdesoi.fr\/wp-content\/uploads\/2016\/04\/mask_1.jpg\" alt=\"mask_1\" width=\"960\" height=\"440\" srcset=\"https:\/\/ocoeurdesoi.fr\/wp-content\/uploads\/2016\/04\/mask_1.jpg 960w, https:\/\/ocoeurdesoi.fr\/wp-content\/uploads\/2016\/04\/mask_1-300x138.jpg 300w, https:\/\/ocoeurdesoi.fr\/wp-content\/uploads\/2016\/04\/mask_1-768x352.jpg 768w\" sizes=\"(max-width: 960px) 100vw, 960px\" \/><\/p>\n<p style=\"text-align: center;\"><strong>Chaque \u00e9l\u00e9ment (le bois, le feu, la terre, le m\u00e9tal et l\u2019eau) d\u00e9finit un mod\u00e8le \u00e9nerg\u00e9tique saisonnier ou un type morphologique.<\/strong><br \/>\n<strong> C&rsquo;est un soin&nbsp; du visage personnalis\u00e9 que vous propose Patricia Barlet \u00e0 Aix les Bains, une m\u00e9thode \u00e9nerg\u00e9tique naturelle bas\u00e9e sur la mise en oeuvre de produits 100 % biologiques.<\/strong><\/p>\n<h2><strong><em>PHYTO 5\u00ae : La Cl\u00e9 des 5 Saisons<\/em><\/strong><\/h2>\n<p>&nbsp;<\/p>\n<h2><strong>Printemps&nbsp; &#8211; &nbsp;\u00c9t\u00e9&nbsp; &nbsp;&#8211;&nbsp;&nbsp;Inter-Saison&nbsp; &#8211;&nbsp;&nbsp;Automne &#8211;&nbsp;&nbsp;Hiver<\/strong><\/h2>\n<p>Les produits de saison Phyto 5\u00ae occupent depuis plus de 30 ans le cr\u00e9neau des cosm\u00e9tiques environnementaux et va bien au-del\u00e0 du seul fait de proposer des produits de soins diff\u00e9rents selon les 5 saisons \u00e9nerg\u00e9tiques de la M\u00e9decine Energ\u00e9tique Chinoise. Certes, la peau r\u00e9agit \u00e0 l\u2019alternance des climats et aux diff\u00e9rents chocs thermiques auxquels elle est soumise, la pollution, l\u2019environnement ou le mode de vie sont des facteurs aggravants.<\/p>\n<p>Nous ne nous habillons pas de la m\u00eame fa\u00e7on en hiver ou en \u00e9t\u00e9. Nous ne mangeons pas non plus les m\u00eames choses. Pourquoi mettrions-nous les m\u00eames produits de soin sur notre peau&nbsp;? La logique parait implacable. Le vieillissement cutan\u00e9 est certes programm\u00e9 g\u00e9n\u00e9tiquement mais les agressions ext\u00e9rieures jouent un r\u00f4le acc\u00e9l\u00e9rateur et elles sont tr\u00e8s diff\u00e9rentes en fonction des saisons.<\/p>\n<h2><em>Les saisons changent nos produits s&rsquo;adaptent aux 5 climats&nbsp;<\/em><\/h2>\n<p>Les 5 \u00e9l\u00e9ments&nbsp; de la M\u00e9decine Energ\u00e9tique Chinoise nomm\u00e9s&nbsp; <strong>Bois, Feu<\/strong>, <strong>Terre<\/strong>, <strong>M\u00e9tal, et Eau et correspondant \u00e0 nos 5 saisons \u00e9nerg\u00e9tiques&nbsp;: Printemps<\/strong>, <strong>Et\u00e9<\/strong>, <strong>Inter-Saison<\/strong>, <strong>Automne<\/strong> et <strong>Hiver<\/strong>&nbsp;<strong>et &nbsp;correspondant aux 5 principaux fluides du corps<\/strong>&nbsp;sont tous en relation.<\/p>\n<p>Ainsi&nbsp; chaque \u00e9l\u00e9ment g\u00e9n\u00e8re et engendre le suivant. L\u2019\u00e9nergie circule d\u2019un \u00e9l\u00e9ment \u00e0 un autre.<\/p>\n<p>Il convient de rappeler qu&rsquo;en M\u00e9decine Energ\u00e9tique Chinoise les saisons ne commencent pas (comme chez nous) aux solstices et au \u00e9quinoxes mais bien avant, \u00e0 mi-chemin entre les solstices et \u00e9quinoxes. (suivre le calendrier \u00e9nerg\u00e9tiques des saisons).<\/p>\n<p>Les produits Phyto 5\u00ae soins&nbsp; naturels&nbsp; li\u00e9s aux saisons, aux climats et aux 5 principaux fluides sont les premiers&nbsp; cosm\u00e9tiques naturels \u00e0 utiliser des actifs de saison&nbsp; pour le maintien d\u2019un bon \u00e9quilibre \u00e9nerg\u00e9tique.<\/p>\n<p>Comme dans la nature, chaque changement de saison d\u00e9clenche chez nous des manifestations, des d\u00e9s\u00e9quilibres diff\u00e9rents qui vont se manifester sur notre peau, notre corps et notre cuir chevelu.<\/p>\n<p>Nos huiles essentielles pr\u00e9cieuses aux actifs naturels de saison&nbsp; pr\u00e9sentes dans chacun de nos produits sont la base de nos soins de prestige. Elles garantissent une efficacit\u00e9 r\u00e9elle et une tol\u00e9rance av\u00e9r\u00e9e optimale pour chaque individu soumis aux influences ext\u00e9rieures journali\u00e8res, climatiques et saisonni\u00e8res.<\/p>\n<p>C\u2019est pourquoi, il est pr\u00e9f\u00e9rable tout au long de l\u2019ann\u00e9e d\u2019utiliser les produits correspondants \u00e0 la saison \u00e9nerg\u00e9tique afin de maintenir un bon \u00e9quilibre tout au long de l&rsquo;ann\u00e9e.<\/p>\n<p>De la racine, au bourgeon, plus de 100 plantes terrestres et marines entrent dans la composition de nos produits Phyto 5 et participent &nbsp;\u00e0 leur efficacit\u00e9 \u00e0 travers des actifs : algues, argiles, min\u00e9raux, vitamines viennent renforcer et enrichir &nbsp;la formule et l&rsquo;efficacit\u00e9 de nos produits.<\/p>\n<p><strong>Notre Mission&nbsp;:<\/strong> Am\u00e9liorer le bien-\u00eatre de chacun \u00e0 l\u2019aide de produits de soins naturels, de haute qualit\u00e9, qui maintiennent et r\u00e9\u00e9quilibrent notre \u00e9nergie Vitale.<\/p>\n<h3><em><strong>\u00ab&nbsp;Prendre soin de son corps, c\u2019est vivre plus longtemps&nbsp;\u00bb<\/strong><\/em> (proverbe Chinois).<\/h3>\n<p>&nbsp;<\/p>\n<p style=\"text-align: center;\"><img decoding=\"async\" loading=\"lazy\" class=\"aligncenter wp-image-13 size-full\" src=\"http:\/\/ocoeurdesoi.fr\/wp-content\/uploads\/2016\/04\/994964_658717050826818_287748261_n.jpg\" alt=\"footer site internet\" width=\"851\" height=\"315\" srcset=\"https:\/\/ocoeurdesoi.fr\/wp-content\/uploads\/2016\/04\/994964_658717050826818_287748261_n.jpg 851w, https:\/\/ocoeurdesoi.fr\/wp-content\/uploads\/2016\/04\/994964_658717050826818_287748261_n-300x111.jpg 300w, https:\/\/ocoeurdesoi.fr\/wp-content\/uploads\/2016\/04\/994964_658717050826818_287748261_n-768x284.jpg 768w\" sizes=\"(max-width: 851px) 100vw, 851px\" \/><\/p>\n<p style=\"text-align: center;\">\n<div id=\"gtx-trans\" style=\"position: absolute; left: -4px; top: 441.25px;\"><\/div>\n","protected":false},"excerpt":{"rendered":"<p>Chaque \u00e9l\u00e9ment (le bois, le feu, la terre, le m\u00e9tal et l\u2019eau) d\u00e9finit un mod\u00e8le \u00e9nerg\u00e9tique saisonnier ou un type morphologique. C&rsquo;est un soin&nbsp; du visage personnalis\u00e9 que vous propose Patricia Barlet \u00e0 Aix les Bains, une m\u00e9thode \u00e9nerg\u00e9tique naturelle bas\u00e9e sur la mise en oeuvre de produits 100 % biologiques. PHYTO 5\u00ae : La &hellip; <a href=\"https:\/\/ocoeurdesoi.fr\/index.php\/les-soins-en-phytobiodermie-phyto-5\/\" class=\"more-link\">Continuer la lecture de <span class=\"screen-reader-text\">Les soins en Phytobiodermie, PHYTO 5\u00ae<\/span>  <span class=\"meta-nav\">&rarr;<\/span><\/a><\/p>\n","protected":false},"author":1,"featured_media":0,"parent":0,"menu_order":0,"comment_status":"closed","ping_status":"closed","template":"","meta":[],"yoast_head":"<!-- This site is optimized with the Yoast SEO plugin v20.9 - https:\/\/yoast.com\/wordpress\/plugins\/seo\/ -->\n<title>Les soins en Phytobiodermie, PHYTO 5\u00ae \u00e0 Aix-les-Bains<\/title>\n<meta name=\"description\" content=\"C&#039;est un soin du visage personnalis\u00e9 que vous propose Patricia Barlet \u00e0 Aix les Bains, une m\u00e9thode \u00e9nerg\u00e9tique naturelle avec produits 100 % biologiques.\" \/>\n<meta name=\"robots\" content=\"index, follow, max-snippet:-1, max-image-preview:large, max-video-preview:-1\" \/>\n<link rel=\"canonical\" href=\"https:\/\/ocoeurdesoi.fr\/index.php\/les-soins-en-phytobiodermie-phyto-5\/\" \/>\n<meta property=\"og:locale\" content=\"fr_FR\" \/>\n<meta property=\"og:type\" content=\"article\" \/>\n<meta property=\"og:title\" content=\"Les soins en Phytobiodermie, PHYTO 5\u00ae \u00e0 Aix-les-Bains\" \/>\n<meta property=\"og:description\" content=\"C&#039;est un soin du visage personnalis\u00e9 que vous propose Patricia Barlet \u00e0 Aix les Bains, une m\u00e9thode \u00e9nerg\u00e9tique naturelle avec produits 100 % biologiques.\" \/>\n<meta property=\"og:url\" content=\"https:\/\/ocoeurdesoi.fr\/index.php\/les-soins-en-phytobiodermie-phyto-5\/\" \/>\n<meta property=\"og:site_name\" content=\"O Coeur de Soi - Patricia BARLET\" \/>\n<meta property=\"article:modified_time\" content=\"2026-03-19T20:28:45+00:00\" \/>\n<meta property=\"og:image\" content=\"http:\/\/ocoeurdesoi.fr\/wp-content\/uploads\/2016\/04\/mask_1.jpg\" \/>\n<meta name=\"twitter:card\" content=\"summary_large_image\" \/>\n<meta name=\"twitter:label1\" content=\"Dur\u00e9e de lecture estim\u00e9e\" \/>\n\t<meta name=\"twitter:data1\" content=\"4 minutes\" \/>\n<script type=\"application\/ld+json\" class=\"yoast-schema-graph\">{\"@context\":\"https:\/\/schema.org\",\"@graph\":[{\"@type\":\"WebPage\",\"@id\":\"https:\/\/ocoeurdesoi.fr\/index.php\/les-soins-en-phytobiodermie-phyto-5\/\",\"url\":\"https:\/\/ocoeurdesoi.fr\/index.php\/les-soins-en-phytobiodermie-phyto-5\/\",\"name\":\"Les soins en Phytobiodermie, PHYTO 5\u00ae \u00e0 Aix-les-Bains\",\"isPartOf\":{\"@id\":\"https:\/\/ocoeurdesoi.fr\/#website\"},\"datePublished\":\"2016-05-05T12:37:46+00:00\",\"dateModified\":\"2026-03-19T20:28:45+00:00\",\"description\":\"C'est un soin du visage personnalis\u00e9 que vous propose Patricia Barlet \u00e0 Aix les Bains, une m\u00e9thode \u00e9nerg\u00e9tique naturelle avec produits 100 % biologiques.\",\"breadcrumb\":{\"@id\":\"https:\/\/ocoeurdesoi.fr\/index.php\/les-soins-en-phytobiodermie-phyto-5\/#breadcrumb\"},\"inLanguage\":\"fr-FR\",\"potentialAction\":[{\"@type\":\"ReadAction\",\"target\":[\"https:\/\/ocoeurdesoi.fr\/index.php\/les-soins-en-phytobiodermie-phyto-5\/\"]}]},{\"@type\":\"BreadcrumbList\",\"@id\":\"https:\/\/ocoeurdesoi.fr\/index.php\/les-soins-en-phytobiodermie-phyto-5\/#breadcrumb\",\"itemListElement\":[{\"@type\":\"ListItem\",\"position\":1,\"name\":\"Accueil\",\"item\":\"https:\/\/ocoeurdesoi.fr\/\"},{\"@type\":\"ListItem\",\"position\":2,\"name\":\"Les soins en Phytobiodermie, PHYTO 5\u00ae\"}]},{\"@type\":\"WebSite\",\"@id\":\"https:\/\/ocoeurdesoi.fr\/#website\",\"url\":\"https:\/\/ocoeurdesoi.fr\/\",\"name\":\"O Coeur de Soi - Patricia BARLET\",\"description\":\"Soins \u00e9nerg\u00e9tiques naturels visage et relaxation\",\"publisher\":{\"@id\":\"https:\/\/ocoeurdesoi.fr\/#organization\"},\"potentialAction\":[{\"@type\":\"SearchAction\",\"target\":{\"@type\":\"EntryPoint\",\"urlTemplate\":\"https:\/\/ocoeurdesoi.fr\/?s={search_term_string}\"},\"query-input\":\"required name=search_term_string\"}],\"inLanguage\":\"fr-FR\"},{\"@type\":\"Organization\",\"@id\":\"https:\/\/ocoeurdesoi.fr\/#organization\",\"name\":\"O Coeur de Soi\",\"url\":\"https:\/\/ocoeurdesoi.fr\/\",\"logo\":{\"@type\":\"ImageObject\",\"inLanguage\":\"fr-FR\",\"@id\":\"https:\/\/ocoeurdesoi.fr\/#\/schema\/logo\/image\/\",\"url\":\"https:\/\/ocoeurdesoi.fr\/wp-content\/uploads\/2021\/01\/eeaf7b577dea43b0aa1abca5c738926d.jpg\",\"contentUrl\":\"https:\/\/ocoeurdesoi.fr\/wp-content\/uploads\/2021\/01\/eeaf7b577dea43b0aa1abca5c738926d.jpg\",\"width\":399,\"height\":51,\"caption\":\"O Coeur de Soi\"},\"image\":{\"@id\":\"https:\/\/ocoeurdesoi.fr\/#\/schema\/logo\/image\/\"}}]}<\/script>\n<!-- \/ Yoast SEO plugin. -->","yoast_head_json":{"title":"Les soins en Phytobiodermie, PHYTO 5\u00ae \u00e0 Aix-les-Bains","description":"C'est un soin du visage personnalis\u00e9 que vous propose Patricia Barlet \u00e0 Aix les Bains, une m\u00e9thode \u00e9nerg\u00e9tique naturelle avec produits 100 % biologiques.","robots":{"index":"index","follow":"follow","max-snippet":"max-snippet:-1","max-image-preview":"max-image-preview:large","max-video-preview":"max-video-preview:-1"},"canonical":"https:\/\/ocoeurdesoi.fr\/index.php\/les-soins-en-phytobiodermie-phyto-5\/","og_locale":"fr_FR","og_type":"article","og_title":"Les soins en Phytobiodermie, PHYTO 5\u00ae \u00e0 Aix-les-Bains","og_description":"C'est un soin du visage personnalis\u00e9 que vous propose Patricia Barlet \u00e0 Aix les Bains, une m\u00e9thode \u00e9nerg\u00e9tique naturelle avec produits 100 % biologiques.","og_url":"https:\/\/ocoeurdesoi.fr\/index.php\/les-soins-en-phytobiodermie-phyto-5\/","og_site_name":"O Coeur de Soi - Patricia BARLET","article_modified_time":"2026-03-19T20:28:45+00:00","og_image":[{"url":"http:\/\/ocoeurdesoi.fr\/wp-content\/uploads\/2016\/04\/mask_1.jpg"}],"twitter_card":"summary_large_image","twitter_misc":{"Dur\u00e9e de lecture estim\u00e9e":"4 minutes"},"schema":{"@context":"https:\/\/schema.org","@graph":[{"@type":"WebPage","@id":"https:\/\/ocoeurdesoi.fr\/index.php\/les-soins-en-phytobiodermie-phyto-5\/","url":"https:\/\/ocoeurdesoi.fr\/index.php\/les-soins-en-phytobiodermie-phyto-5\/","name":"Les soins en Phytobiodermie, PHYTO 5\u00ae \u00e0 Aix-les-Bains","isPartOf":{"@id":"https:\/\/ocoeurdesoi.fr\/#website"},"datePublished":"2016-05-05T12:37:46+00:00","dateModified":"2026-03-19T20:28:45+00:00","description":"C'est un soin du visage personnalis\u00e9 que vous propose Patricia Barlet \u00e0 Aix les Bains, une m\u00e9thode \u00e9nerg\u00e9tique naturelle avec produits 100 % biologiques.","breadcrumb":{"@id":"https:\/\/ocoeurdesoi.fr\/index.php\/les-soins-en-phytobiodermie-phyto-5\/#breadcrumb"},"inLanguage":"fr-FR","potentialAction":[{"@type":"ReadAction","target":["https:\/\/ocoeurdesoi.fr\/index.php\/les-soins-en-phytobiodermie-phyto-5\/"]}]},{"@type":"BreadcrumbList","@id":"https:\/\/ocoeurdesoi.fr\/index.php\/les-soins-en-phytobiodermie-phyto-5\/#breadcrumb","itemListElement":[{"@type":"ListItem","position":1,"name":"Accueil","item":"https:\/\/ocoeurdesoi.fr\/"},{"@type":"ListItem","position":2,"name":"Les soins en Phytobiodermie, PHYTO 5\u00ae"}]},{"@type":"WebSite","@id":"https:\/\/ocoeurdesoi.fr\/#website","url":"https:\/\/ocoeurdesoi.fr\/","name":"O Coeur de Soi - Patricia BARLET","description":"Soins \u00e9nerg\u00e9tiques naturels visage et relaxation","publisher":{"@id":"https:\/\/ocoeurdesoi.fr\/#organization"},"potentialAction":[{"@type":"SearchAction","target":{"@type":"EntryPoint","urlTemplate":"https:\/\/ocoeurdesoi.fr\/?s={search_term_string}"},"query-input":"required name=search_term_string"}],"inLanguage":"fr-FR"},{"@type":"Organization","@id":"https:\/\/ocoeurdesoi.fr\/#organization","name":"O Coeur de Soi","url":"https:\/\/ocoeurdesoi.fr\/","logo":{"@type":"ImageObject","inLanguage":"fr-FR","@id":"https:\/\/ocoeurdesoi.fr\/#\/schema\/logo\/image\/","url":"https:\/\/ocoeurdesoi.fr\/wp-content\/uploads\/2021\/01\/eeaf7b577dea43b0aa1abca5c738926d.jpg","contentUrl":"https:\/\/ocoeurdesoi.fr\/wp-content\/uploads\/2021\/01\/eeaf7b577dea43b0aa1abca5c738926d.jpg","width":399,"height":51,"caption":"O Coeur de Soi"},"image":{"@id":"https:\/\/ocoeurdesoi.fr\/#\/schema\/logo\/image\/"}}]}},"_links":{"self":[{"href":"https:\/\/ocoeurdesoi.fr\/index.php\/wp-json\/wp\/v2\/pages\/55"}],"collection":[{"href":"https:\/\/ocoeurdesoi.fr\/index.php\/wp-json\/wp\/v2\/pages"}],"about":[{"href":"https:\/\/ocoeurdesoi.fr\/index.php\/wp-json\/wp\/v2\/types\/page"}],"author":[{"embeddable":true,"href":"https:\/\/ocoeurdesoi.fr\/index.php\/wp-json\/wp\/v2\/users\/1"}],"replies":[{"embeddable":true,"href":"https:\/\/ocoeurdesoi.fr\/index.php\/wp-json\/wp\/v2\/comments?post=55"}],"version-history":[{"count":10,"href":"https:\/\/ocoeurdesoi.fr\/index.php\/wp-json\/wp\/v2\/pages\/55\/revisions"}],"predecessor-version":[{"id":277,"href":"https:\/\/ocoeurdesoi.fr\/index.php\/wp-json\/wp\/v2\/pages\/55\/revisions\/277"}],"wp:attachment":[{"href":"https:\/\/ocoeurdesoi.fr\/index.php\/wp-json\/wp\/v2\/media?parent=55"}],"curies":[{"name":"wp","href":"https:\/\/api.w.org\/{rel}","templated":true}]}}