{"id":94,"date":"2016-09-17T17:14:06","date_gmt":"2016-09-17T16:14:06","guid":{"rendered":"http:\/\/ocoeurdesoi.fr\/?page_id=94"},"modified":"2026-03-19T21:30:56","modified_gmt":"2026-03-19T20:30:56","slug":"soins-du-visage-methode-energetique-bio","status":"publish","type":"page","link":"https:\/\/ocoeurdesoi.fr\/index.php\/soins-du-visage-methode-energetique-bio\/","title":{"rendered":"Soins du visage PHYTO 5"},"content":{"rendered":"<h5 style=\"text-align: center;\">110 \u20ac le soin, dur\u00e9e 1h15<\/h5>\n<p>100% personnalis\u00e9s, les soins Phyto 5 sont effectu\u00e9s en fonction de la saison, du temps, du type de peau, des zones r\u00e9flexes ou encore du biorythme.<\/p>\n<figure id=\"attachment_96\" aria-describedby=\"caption-attachment-96\" style=\"width: 450px\" class=\"wp-caption aligncenter\"><img decoding=\"async\" loading=\"lazy\" class=\"wp-image-96 size-full\" src=\"http:\/\/ocoeurdesoi.fr\/wp-content\/uploads\/2016\/09\/soins-du-visage.jpg\" alt=\"soins du visage aix les bains savoie\" width=\"450\" height=\"421\" srcset=\"https:\/\/ocoeurdesoi.fr\/wp-content\/uploads\/2016\/09\/soins-du-visage.jpg 450w, https:\/\/ocoeurdesoi.fr\/wp-content\/uploads\/2016\/09\/soins-du-visage-300x281.jpg 300w\" sizes=\"(max-width: 450px) 100vw, 450px\" \/><figcaption id=\"caption-attachment-96\" class=\"wp-caption-text\">Soins du visage personnalis\u00e9s \u00e9nerg\u00e9tiques naturels \u00e0 Aix-les-Bains<\/figcaption><\/figure>\n<p>La m\u00e9thode Phytobiodermie permet un voyage sensoriel au c\u0153ur de soi-m\u00eame, \u00e0 travers des soins de qualit\u00e9s, particuli\u00e8rement efficaces, r\u00e9v\u00e9lateurs d\u2019\u00e9clat et de jeunesse.<\/p>\n<p>La gamme des produits Phyto 5 est mise au point et produite en Suisse avec des \u00e9l\u00e9ments naturels de haute qualit\u00e9 tels que : argiles, algues, planctons, substances min\u00e9rales (oligo-\u00e9l\u00e9ments) et huiles essentielles biologiques.<\/p>\n<p>Ces produits coup d&rsquo;\u00e9clat procurent d\u00e9tente et rajeunissement. Ils r\u00e9\u00e9quilibrent et restaurent le fluide \u00e9nerg\u00e9tique interne suivant les principes de la r\u00e9flexologie visage. Les 5 forces de la m\u00e9decine chinoise (Bois , Feu, Terre, M\u00e9tal et Eau) aident la peau \u00e0 retrouver l&rsquo;\u00e9quilibre gr\u00e2ce \u00e0 des produits sp\u00e9cifiques.<\/p>\n<p><img decoding=\"async\" loading=\"lazy\" class=\"alignnone size-medium wp-image-127\" src=\"http:\/\/ocoeurdesoi.fr\/wp-content\/uploads\/2016\/09\/Biorhythmic_Drainer_JPEG-300x212.jpg\" alt=\"Biorhythmic_Drainer_JPEG\" width=\"300\" height=\"212\" srcset=\"https:\/\/ocoeurdesoi.fr\/wp-content\/uploads\/2016\/09\/Biorhythmic_Drainer_JPEG-300x212.jpg 300w, https:\/\/ocoeurdesoi.fr\/wp-content\/uploads\/2016\/09\/Biorhythmic_Drainer_JPEG-768x543.jpg 768w, https:\/\/ocoeurdesoi.fr\/wp-content\/uploads\/2016\/09\/Biorhythmic_Drainer_JPEG-1024x724.jpg 1024w, https:\/\/ocoeurdesoi.fr\/wp-content\/uploads\/2016\/09\/Biorhythmic_Drainer_JPEG.jpg 1684w\" sizes=\"(max-width: 300px) 100vw, 300px\" \/><\/p>\n<p><strong>Le bio-draineur<\/strong> reproduit m\u00e9caniquement le mouvement doux et r\u00e9gulier d\u2019un modelage manuel ax\u00e9 sur le mouvement des cinq fluides du visage, du corps pour une action drainante en profondeur, une meilleure oxyg\u00e9nation et tonification des tissus.<\/p>\n<p>Gr\u00e2ce \u00e0 un drainage unique avec un appareil brevet\u00e9, le visage se redessine. Les rides ainsi que les cernes, les poches sont att\u00e9nu\u00e9s. Le grain de peau affin\u00e9 et lumineux.<\/p>\n","protected":false},"excerpt":{"rendered":"<p>110 \u20ac le soin, dur\u00e9e 1h15 100% personnalis\u00e9s, les soins Phyto 5 sont effectu\u00e9s en fonction de la saison, du temps, du type de peau, des zones r\u00e9flexes ou encore du biorythme. La m\u00e9thode Phytobiodermie permet un voyage sensoriel au c\u0153ur de soi-m\u00eame, \u00e0 travers des soins de qualit\u00e9s, particuli\u00e8rement efficaces, r\u00e9v\u00e9lateurs d\u2019\u00e9clat et de &hellip; <a href=\"https:\/\/ocoeurdesoi.fr\/index.php\/soins-du-visage-methode-energetique-bio\/\" class=\"more-link\">Continuer la lecture de <span class=\"screen-reader-text\">Soins du visage PHYTO 5<\/span>  <span class=\"meta-nav\">&rarr;<\/span><\/a><\/p>\n","protected":false},"author":1,"featured_media":0,"parent":0,"menu_order":0,"comment_status":"closed","ping_status":"closed","template":"","meta":[],"yoast_head":"<!-- This site is optimized with the Yoast SEO plugin v20.9 - https:\/\/yoast.com\/wordpress\/plugins\/seo\/ -->\n<title>Soins du visage PHYTO 5 - Patricia BARLET \u00e0 Aix-les-Bains<\/title>\n<meta name=\"description\" content=\"En Savoie, soins du visage \u00e0 Tr\u00e9vignin, m\u00e9thode \u00e9nerg\u00e9tique naturelle personnalis\u00e9e soins \u00e9nerg\u00e9tiques pr\u00e8s d&#039;Aix-les-Bains, proche de Chamb\u00e9ry et d\u2019Annecy.\" \/>\n<meta name=\"robots\" content=\"index, follow, max-snippet:-1, max-image-preview:large, max-video-preview:-1\" \/>\n<link rel=\"canonical\" href=\"https:\/\/ocoeurdesoi.fr\/index.php\/soins-du-visage-methode-energetique-bio\/\" \/>\n<meta property=\"og:locale\" content=\"fr_FR\" \/>\n<meta property=\"og:type\" content=\"article\" \/>\n<meta property=\"og:title\" content=\"Soins du visage PHYTO 5 - Patricia BARLET \u00e0 Aix-les-Bains\" \/>\n<meta property=\"og:description\" content=\"En Savoie, soins du visage \u00e0 Tr\u00e9vignin, m\u00e9thode \u00e9nerg\u00e9tique naturelle personnalis\u00e9e soins \u00e9nerg\u00e9tiques pr\u00e8s d&#039;Aix-les-Bains, proche de Chamb\u00e9ry et d\u2019Annecy.\" \/>\n<meta property=\"og:url\" content=\"https:\/\/ocoeurdesoi.fr\/index.php\/soins-du-visage-methode-energetique-bio\/\" \/>\n<meta property=\"og:site_name\" content=\"O Coeur de Soi - Patricia BARLET\" \/>\n<meta property=\"article:modified_time\" content=\"2026-03-19T20:30:56+00:00\" \/>\n<meta property=\"og:image\" content=\"http:\/\/ocoeurdesoi.fr\/wp-content\/uploads\/2016\/09\/soins-du-visage.jpg\" \/>\n<meta name=\"twitter:card\" content=\"summary_large_image\" \/>\n<meta name=\"twitter:label1\" content=\"Dur\u00e9e de lecture estim\u00e9e\" \/>\n\t<meta name=\"twitter:data1\" content=\"2 minutes\" \/>\n<script type=\"application\/ld+json\" class=\"yoast-schema-graph\">{\"@context\":\"https:\/\/schema.org\",\"@graph\":[{\"@type\":\"WebPage\",\"@id\":\"https:\/\/ocoeurdesoi.fr\/index.php\/soins-du-visage-methode-energetique-bio\/\",\"url\":\"https:\/\/ocoeurdesoi.fr\/index.php\/soins-du-visage-methode-energetique-bio\/\",\"name\":\"Soins du visage PHYTO 5 - Patricia BARLET \u00e0 Aix-les-Bains\",\"isPartOf\":{\"@id\":\"https:\/\/ocoeurdesoi.fr\/#website\"},\"datePublished\":\"2016-09-17T16:14:06+00:00\",\"dateModified\":\"2026-03-19T20:30:56+00:00\",\"description\":\"En Savoie, soins du visage \u00e0 Tr\u00e9vignin, m\u00e9thode \u00e9nerg\u00e9tique naturelle personnalis\u00e9e soins \u00e9nerg\u00e9tiques pr\u00e8s d'Aix-les-Bains, proche de Chamb\u00e9ry et d\u2019Annecy.\",\"breadcrumb\":{\"@id\":\"https:\/\/ocoeurdesoi.fr\/index.php\/soins-du-visage-methode-energetique-bio\/#breadcrumb\"},\"inLanguage\":\"fr-FR\",\"potentialAction\":[{\"@type\":\"ReadAction\",\"target\":[\"https:\/\/ocoeurdesoi.fr\/index.php\/soins-du-visage-methode-energetique-bio\/\"]}]},{\"@type\":\"BreadcrumbList\",\"@id\":\"https:\/\/ocoeurdesoi.fr\/index.php\/soins-du-visage-methode-energetique-bio\/#breadcrumb\",\"itemListElement\":[{\"@type\":\"ListItem\",\"position\":1,\"name\":\"Accueil\",\"item\":\"https:\/\/ocoeurdesoi.fr\/\"},{\"@type\":\"ListItem\",\"position\":2,\"name\":\"Soins du visage PHYTO 5\"}]},{\"@type\":\"WebSite\",\"@id\":\"https:\/\/ocoeurdesoi.fr\/#website\",\"url\":\"https:\/\/ocoeurdesoi.fr\/\",\"name\":\"O Coeur de Soi - Patricia BARLET\",\"description\":\"Soins \u00e9nerg\u00e9tiques naturels visage et relaxation\",\"publisher\":{\"@id\":\"https:\/\/ocoeurdesoi.fr\/#organization\"},\"potentialAction\":[{\"@type\":\"SearchAction\",\"target\":{\"@type\":\"EntryPoint\",\"urlTemplate\":\"https:\/\/ocoeurdesoi.fr\/?s={search_term_string}\"},\"query-input\":\"required name=search_term_string\"}],\"inLanguage\":\"fr-FR\"},{\"@type\":\"Organization\",\"@id\":\"https:\/\/ocoeurdesoi.fr\/#organization\",\"name\":\"O Coeur de Soi\",\"url\":\"https:\/\/ocoeurdesoi.fr\/\",\"logo\":{\"@type\":\"ImageObject\",\"inLanguage\":\"fr-FR\",\"@id\":\"https:\/\/ocoeurdesoi.fr\/#\/schema\/logo\/image\/\",\"url\":\"https:\/\/ocoeurdesoi.fr\/wp-content\/uploads\/2021\/01\/eeaf7b577dea43b0aa1abca5c738926d.jpg\",\"contentUrl\":\"https:\/\/ocoeurdesoi.fr\/wp-content\/uploads\/2021\/01\/eeaf7b577dea43b0aa1abca5c738926d.jpg\",\"width\":399,\"height\":51,\"caption\":\"O Coeur de Soi\"},\"image\":{\"@id\":\"https:\/\/ocoeurdesoi.fr\/#\/schema\/logo\/image\/\"}}]}<\/script>\n<!-- \/ Yoast SEO plugin. -->","yoast_head_json":{"title":"Soins du visage PHYTO 5 - Patricia BARLET \u00e0 Aix-les-Bains","description":"En Savoie, soins du visage \u00e0 Tr\u00e9vignin, m\u00e9thode \u00e9nerg\u00e9tique naturelle personnalis\u00e9e soins \u00e9nerg\u00e9tiques pr\u00e8s d'Aix-les-Bains, proche de Chamb\u00e9ry et d\u2019Annecy.","robots":{"index":"index","follow":"follow","max-snippet":"max-snippet:-1","max-image-preview":"max-image-preview:large","max-video-preview":"max-video-preview:-1"},"canonical":"https:\/\/ocoeurdesoi.fr\/index.php\/soins-du-visage-methode-energetique-bio\/","og_locale":"fr_FR","og_type":"article","og_title":"Soins du visage PHYTO 5 - Patricia BARLET \u00e0 Aix-les-Bains","og_description":"En Savoie, soins du visage \u00e0 Tr\u00e9vignin, m\u00e9thode \u00e9nerg\u00e9tique naturelle personnalis\u00e9e soins \u00e9nerg\u00e9tiques pr\u00e8s d'Aix-les-Bains, proche de Chamb\u00e9ry et d\u2019Annecy.","og_url":"https:\/\/ocoeurdesoi.fr\/index.php\/soins-du-visage-methode-energetique-bio\/","og_site_name":"O Coeur de Soi - Patricia BARLET","article_modified_time":"2026-03-19T20:30:56+00:00","og_image":[{"url":"http:\/\/ocoeurdesoi.fr\/wp-content\/uploads\/2016\/09\/soins-du-visage.jpg"}],"twitter_card":"summary_large_image","twitter_misc":{"Dur\u00e9e de lecture estim\u00e9e":"2 minutes"},"schema":{"@context":"https:\/\/schema.org","@graph":[{"@type":"WebPage","@id":"https:\/\/ocoeurdesoi.fr\/index.php\/soins-du-visage-methode-energetique-bio\/","url":"https:\/\/ocoeurdesoi.fr\/index.php\/soins-du-visage-methode-energetique-bio\/","name":"Soins du visage PHYTO 5 - Patricia BARLET \u00e0 Aix-les-Bains","isPartOf":{"@id":"https:\/\/ocoeurdesoi.fr\/#website"},"datePublished":"2016-09-17T16:14:06+00:00","dateModified":"2026-03-19T20:30:56+00:00","description":"En Savoie, soins du visage \u00e0 Tr\u00e9vignin, m\u00e9thode \u00e9nerg\u00e9tique naturelle personnalis\u00e9e soins \u00e9nerg\u00e9tiques pr\u00e8s d'Aix-les-Bains, proche de Chamb\u00e9ry et d\u2019Annecy.","breadcrumb":{"@id":"https:\/\/ocoeurdesoi.fr\/index.php\/soins-du-visage-methode-energetique-bio\/#breadcrumb"},"inLanguage":"fr-FR","potentialAction":[{"@type":"ReadAction","target":["https:\/\/ocoeurdesoi.fr\/index.php\/soins-du-visage-methode-energetique-bio\/"]}]},{"@type":"BreadcrumbList","@id":"https:\/\/ocoeurdesoi.fr\/index.php\/soins-du-visage-methode-energetique-bio\/#breadcrumb","itemListElement":[{"@type":"ListItem","position":1,"name":"Accueil","item":"https:\/\/ocoeurdesoi.fr\/"},{"@type":"ListItem","position":2,"name":"Soins du visage PHYTO 5"}]},{"@type":"WebSite","@id":"https:\/\/ocoeurdesoi.fr\/#website","url":"https:\/\/ocoeurdesoi.fr\/","name":"O Coeur de Soi - Patricia BARLET","description":"Soins \u00e9nerg\u00e9tiques naturels visage et relaxation","publisher":{"@id":"https:\/\/ocoeurdesoi.fr\/#organization"},"potentialAction":[{"@type":"SearchAction","target":{"@type":"EntryPoint","urlTemplate":"https:\/\/ocoeurdesoi.fr\/?s={search_term_string}"},"query-input":"required name=search_term_string"}],"inLanguage":"fr-FR"},{"@type":"Organization","@id":"https:\/\/ocoeurdesoi.fr\/#organization","name":"O Coeur de Soi","url":"https:\/\/ocoeurdesoi.fr\/","logo":{"@type":"ImageObject","inLanguage":"fr-FR","@id":"https:\/\/ocoeurdesoi.fr\/#\/schema\/logo\/image\/","url":"https:\/\/ocoeurdesoi.fr\/wp-content\/uploads\/2021\/01\/eeaf7b577dea43b0aa1abca5c738926d.jpg","contentUrl":"https:\/\/ocoeurdesoi.fr\/wp-content\/uploads\/2021\/01\/eeaf7b577dea43b0aa1abca5c738926d.jpg","width":399,"height":51,"caption":"O Coeur de Soi"},"image":{"@id":"https:\/\/ocoeurdesoi.fr\/#\/schema\/logo\/image\/"}}]}},"_links":{"self":[{"href":"https:\/\/ocoeurdesoi.fr\/index.php\/wp-json\/wp\/v2\/pages\/94"}],"collection":[{"href":"https:\/\/ocoeurdesoi.fr\/index.php\/wp-json\/wp\/v2\/pages"}],"about":[{"href":"https:\/\/ocoeurdesoi.fr\/index.php\/wp-json\/wp\/v2\/types\/page"}],"author":[{"embeddable":true,"href":"https:\/\/ocoeurdesoi.fr\/index.php\/wp-json\/wp\/v2\/users\/1"}],"replies":[{"embeddable":true,"href":"https:\/\/ocoeurdesoi.fr\/index.php\/wp-json\/wp\/v2\/comments?post=94"}],"version-history":[{"count":14,"href":"https:\/\/ocoeurdesoi.fr\/index.php\/wp-json\/wp\/v2\/pages\/94\/revisions"}],"predecessor-version":[{"id":279,"href":"https:\/\/ocoeurdesoi.fr\/index.php\/wp-json\/wp\/v2\/pages\/94\/revisions\/279"}],"wp:attachment":[{"href":"https:\/\/ocoeurdesoi.fr\/index.php\/wp-json\/wp\/v2\/media?parent=94"}],"curies":[{"name":"wp","href":"https:\/\/api.w.org\/{rel}","templated":true}]}}